{"id":872,"date":"2019-06-05T16:02:04","date_gmt":"2019-06-05T16:02:04","guid":{"rendered":"https:\/\/www.madacclima.com\/?page_id=872"},"modified":"2019-06-05T16:15:44","modified_gmt":"2019-06-05T16:15:44","slug":"reparacion-calefaccion-calafell","status":"publish","type":"page","link":"https:\/\/www.madacclima.com\/es\/reparacion-calefaccion-calafell\/","title":{"rendered":"Reparaci\u00f3n calefacci\u00f3n Calafell"},"content":{"rendered":"<div class=\"wpb-content-wrapper\"><p>[vc_row css_animation=\u00bb\u00bb row_type=\u00bbrow\u00bb use_row_as_full_screen_section=\u00bbno\u00bb type=\u00bbgrid\u00bb angled_section=\u00bbno\u00bb text_align=\u00bbleft\u00bb background_image_as_pattern=\u00bbwithout_pattern\u00bb css=\u00bb.vc_custom_1523268378652{background-position: center !important;background-repeat: no-repeat !important;background-size: contain !important;}\u00bb z_index=\u00bb\u00bb][vc_column width=\u00bb2\/3&#8243;][vc_empty_space height=\u00bb64px\u00bb][vc_column_text]<\/p>\n<h1 style=\"font-size: 35px;\">REPARACI\u00d3N CALEFACCI\u00d3N CALAFELL<\/h1>\n<p>[\/vc_column_text][vc_empty_space height=\u00bb43px\u00bb][vc_column_text]<\/p>\n<h2 style=\"font-size: 25px;\">SERVICIO\u00a0DE REPARACI\u00d3N DE\u00a0<strong>CALEFACCI\u00d3N EN CALAFELL<\/strong><\/h2>\n<p>[\/vc_column_text][vc_empty_space height=\u00bb43px\u00bb][vc_single_image image=\u00bb413&#8243; img_size=\u00bbfull\u00bb qode_css_animation=\u00bb\u00bb][vc_empty_space height=\u00bb23px\u00bb][vc_column_text]MADAC CLIMA, empresa de reparaci\u00f3n de calefacci\u00f3n con oficinas en Sitges y Vilafranca del Pened\u00e9s, dispone de t\u00e9cnicos especialistas que se desplazan hasta Calafell y segur de Calafell, para ofrecer el servicio de reparaci\u00f3n de calefacci\u00f3n ofreciendo la m\u00e1xima calidad y el mejor servicio.[\/vc_column_text][vc_empty_space height=\u00bb23px\u00bb][vc_column_text]Despu\u00e9s de nuestra larga trayectoria de m\u00e1s de 50 a\u00f1os en el sector , y con el apoyo de nuestros partners y fabricantes como\u201d Fer, Visesman\u201d\u00a0 podemos ofrecer diferentes tipos de reparaciones\u00a0 parar sus instalaciones de calefacci\u00f3n en Calafell y Segur de Calafell.[\/vc_column_text][vc_empty_space height=\u00bb23px\u00bb][vc_column_text]Reparamos \u00a0todo tipo de instalaciones \u00a0de calefacci\u00f3n \u00a0en Calafell. Reparando\u00a0 cualquier elemento de su instalaci\u00f3n de calefacci\u00f3n, as\u00ed como calderas, radiadores, tuber\u00edas, termostatos y cualquier otro sistema que tenga que ver con la calefacci\u00f3n<\/p>\n<p style=\"font-weight: 400;\">Nuestras reparaciones son un servicio integral donde asesoramos y mantenemos todas sus \u00a0instalaciones de gas como de\u00a0gasoil y todos sus elementos.<\/p>\n<p>As\u00ed mismo solucionamos todo lo referente a:[\/vc_column_text][vc_empty_space height=\u00bb23px\u00bb][vc_column_text]<\/p>\n<ul>\n<li>Reparaci\u00f3n de aparatos de calefacci\u00f3n<\/li>\n<li>Reparaci\u00f3n de calefacci\u00f3n<\/li>\n<li>Mantenimiento de calefacci\u00f3n<\/li>\n<li>Nuevas instalaciones de calefacci\u00f3n<\/li>\n<\/ul>\n<p>[\/vc_column_text][vc_empty_space height=\u00bb23px\u00bb][vc_column_text]Adem\u00e1s de estos servicios\u00a0\u00a0disponemos de otros muchos servicios en Calafell como la instalaci\u00f3n de calderas, reparaci\u00f3n de radiadores, mantenimiento de tuber\u00edas, instalaci\u00f3n de termostatos y su mantenimiento.[\/vc_column_text][vc_empty_space height=\u00bb23px\u00bb][vc_column_text]<\/p>\n<h4>Si necesita cualquier consulta sobre servicios de reparaci\u00f3n de calefacci\u00f3n en Calafell, presupuesto o servicio de instalaci\u00f3n o mantenimiento de calefacci\u00f3n en Calafell, p\u00f3ngase\u00a0en contacto con nosotros, mediante este sencillo formulario.<\/h4>\n<p>[\/vc_column_text][vc_empty_space height=\u00bb23px\u00bb]\n<div class=\"wpcf7 no-js\" id=\"wpcf7-f512-o1\" lang=\"ca\" dir=\"ltr\" data-wpcf7-id=\"512\">\n<div class=\"screen-reader-response\"><p role=\"status\" aria-live=\"polite\" aria-atomic=\"true\"><\/p> <ul><\/ul><\/div>\n<form action=\"\/es\/wp-json\/wp\/v2\/pages\/872#wpcf7-f512-o1\" method=\"post\" class=\"wpcf7-form init default\" aria-label=\"Formulari de contacte\" novalidate=\"novalidate\" data-status=\"init\">\n<fieldset class=\"hidden-fields-container\"><input type=\"hidden\" name=\"_wpcf7\" value=\"512\" \/><input type=\"hidden\" name=\"_wpcf7_version\" value=\"6.1.5\" \/><input type=\"hidden\" name=\"_wpcf7_locale\" value=\"ca\" \/><input type=\"hidden\" name=\"_wpcf7_unit_tag\" value=\"wpcf7-f512-o1\" \/><input type=\"hidden\" name=\"_wpcf7_container_post\" value=\"0\" \/><input type=\"hidden\" name=\"_wpcf7_posted_data_hash\" value=\"\" \/>\n<\/fieldset>\n<p><label> <span class=\"wpcf7-form-control-wrap\" data-name=\"your-name\"><input size=\"40\" maxlength=\"400\" class=\"wpcf7-form-control wpcf7-text wpcf7-validates-as-required\" aria-required=\"true\" aria-invalid=\"false\" placeholder=\"Nombre\" value=\"\" type=\"text\" name=\"your-name\" \/><\/span> <\/label>\n<\/p>\n<p><label> <span class=\"wpcf7-form-control-wrap\" data-name=\"your-email\"><input size=\"40\" maxlength=\"400\" class=\"wpcf7-form-control wpcf7-email wpcf7-validates-as-required wpcf7-text wpcf7-validates-as-email\" aria-required=\"true\" aria-invalid=\"false\" placeholder=\"Email\" value=\"\" type=\"email\" name=\"your-email\" \/><\/span> <\/label>\n<\/p>\n<p><label> <span class=\"wpcf7-form-control-wrap\" data-name=\"your-tel\"><input size=\"40\" maxlength=\"400\" class=\"wpcf7-form-control wpcf7-text\" aria-invalid=\"false\" placeholder=\"Tel\u00e9fono\" value=\"\" type=\"text\" name=\"your-tel\" \/><\/span> <\/label>\n<\/p>\n<p><label> <span class=\"wpcf7-form-control-wrap\" data-name=\"your-message\"><textarea cols=\"40\" rows=\"10\" maxlength=\"2000\" class=\"wpcf7-form-control wpcf7-textarea\" aria-invalid=\"false\" placeholder=\"Mensaje\" name=\"your-message\"><\/textarea><\/span> <\/label>\n<\/p>\n<p><span class=\"wpcf7-form-control-wrap\" data-name=\"acceptance-51\"><span class=\"wpcf7-form-control wpcf7-acceptance\"><span class=\"wpcf7-list-item\"><input type=\"checkbox\" name=\"acceptance-51\" value=\"1\" aria-invalid=\"false\" \/><\/span><\/span><\/span> He leido y acepto la <a target=\"_blank\" href=\"https:\/\/www.madacclima.com\/es\/aviso-legal\/\">Pol\u00edtica de privacidad<\/a>\n<\/p>\n<p><input class=\"wpcf7-form-control wpcf7-submit has-spinner\" type=\"submit\" value=\"Enviar\" \/>\n<\/p><div class=\"wpcf7-response-output\" aria-hidden=\"true\"><\/div>\n<\/form>\n<\/div>\n[vc_empty_space height=\u00bb23px\u00bb][vc_column_text]Madac Clima realiza un continuo\u00a0<b>mantenimiento de calefacci\u00f3n en Calafell <\/b>y cuando nuestros t\u00e9cnicos en sistemas de climatizaci\u00f3n ven que la calefacci\u00f3n no funciona correctamente gestionan la reparaci\u00f3n de calefacci\u00f3n cambiando los materiales que sean precisos para solventar el problema lo m\u00e1s r\u00e1pido posible, tanto para empresas, locales y particulares mejorando el rendimiento de las viviendas o locales con calefacci\u00f3n en Calafell, as\u00ed como la reparaci\u00f3n de los radiadores que suelen tener perdidas o fugas molestas no permitiendo ahorrar en el gasto de la calefacci\u00f3n y aumentando en el consumo energ\u00e9tico.<\/p>\n<p>La falta de mantenimiento de calderas en Calafell y del del circuito de calefacci\u00f3n supone hasta un 10% m\u00e1s de consumo energ\u00e9tico para las instalaciones de calefacci\u00f3n en Calafell.[\/vc_column_text][vc_empty_space height=\u00bb23px\u00bb][vc_column_text]<\/p>\n<h4>Consejos para mantener un buen estado de la calefacci\u00f3n en Calafell:<\/h4>\n<ul>\n<li>Comprueba que la caldera de la\u00a0<b>calefacci\u00f3n\u00a0<\/b>est\u00e1 bien conectada.<\/li>\n<li>Aseg\u00farate de que la presi\u00f3n de la\u00a0<b>calefacci\u00f3n\u00a0<\/b>es la adecuada.<\/li>\n<li>Encuentra la temperatura de tu\u00a0<b>calefacci\u00f3n\u00a0<\/b>para un confort adecuado<\/li>\n<li>Comprueba que todos los\u00a0<b>radiadores\u00a0<\/b>de tu\u00a0<b>calefacci\u00f3n\u00a0<\/b>calientan bien<\/li>\n<li>Purga los radiadores de tu\u00a0<b>calefacci\u00f3n<\/b>.<\/li>\n<\/ul>\n<p>Con estos sencillos cinco consejos, mantendr\u00e1s tu\u00a0<b>calefacci\u00f3n\u00a0<\/b>totalmente operativa.[\/vc_column_text][vc_empty_space height=\u00bb23px\u00bb][vc_column_text]Si tienes cualquier duda o necesitas reparar tu<b>\u00a0calefacci\u00f3n en Calafell\u00a0<\/b>contacta con Madac Clima. Aunque estamos en Sitges y Vilafranca del Pened\u00e9s, nos desplazamos a realizar el mantenimiento de calefacci\u00f3n en Calafell sin dudarlo.[\/vc_column_text][vc_empty_space height=\u00bb64px\u00bb][\/vc_column][vc_column width=\u00bb1\/3&#8243;][vc_empty_space height=\u00bb64px\u00bb][vc_widget_sidebar sidebar_id=\u00bbsidebar\u00bb][vc_empty_space height=\u00bb64px\u00bb][\/vc_column][\/vc_row]<\/p>\n<\/div>","protected":false},"excerpt":{"rendered":"<p>[vc_row css_animation=\u00bb\u00bb row_type=\u00bbrow\u00bb use_row_as_full_screen_section=\u00bbno\u00bb type=\u00bbgrid\u00bb angled_section=\u00bbno\u00bb text_align=\u00bbleft\u00bb background_image_as_pattern=\u00bbwithout_pattern\u00bb css=\u00bb.vc_custom_1523268378652{background-position: center !important;background-repeat: no-repeat !important;background-size: contain !important;}\u00bb z_index=\u00bb\u00bb][vc_column width=\u00bb2\/3&#8243;][vc_empty_space height=\u00bb64px\u00bb][vc_column_text] REPARACI\u00d3N CALEFACCI\u00d3N CALAFELL [\/vc_column_text][vc_empty_space height=\u00bb43px\u00bb][vc_column_text] SERVICIO\u00a0DE REPARACI\u00d3N DE\u00a0CALEFACCI\u00d3N EN CALAFELL [\/vc_column_text][vc_empty_space height=\u00bb43px\u00bb][vc_single_image image=\u00bb413&#8243; img_size=\u00bbfull\u00bb qode_css_animation=\u00bb\u00bb][vc_empty_space height=\u00bb23px\u00bb][vc_column_text]MADAC CLIMA, empresa de reparaci\u00f3n de calefacci\u00f3n con oficinas en Sitges y&#8230;<\/p>\n","protected":false},"author":3,"featured_media":0,"parent":0,"menu_order":0,"comment_status":"closed","ping_status":"closed","template":"full_width.php","meta":{"footnotes":""},"class_list":["post-872","page","type-page","status-publish","hentry"],"_links":{"self":[{"href":"https:\/\/www.madacclima.com\/es\/wp-json\/wp\/v2\/pages\/872","targetHints":{"allow":["GET"]}}],"collection":[{"href":"https:\/\/www.madacclima.com\/es\/wp-json\/wp\/v2\/pages"}],"about":[{"href":"https:\/\/www.madacclima.com\/es\/wp-json\/wp\/v2\/types\/page"}],"author":[{"embeddable":true,"href":"https:\/\/www.madacclima.com\/es\/wp-json\/wp\/v2\/users\/3"}],"replies":[{"embeddable":true,"href":"https:\/\/www.madacclima.com\/es\/wp-json\/wp\/v2\/comments?post=872"}],"version-history":[{"count":0,"href":"https:\/\/www.madacclima.com\/es\/wp-json\/wp\/v2\/pages\/872\/revisions"}],"wp:attachment":[{"href":"https:\/\/www.madacclima.com\/es\/wp-json\/wp\/v2\/media?parent=872"}],"curies":[{"name":"wp","href":"https:\/\/api.w.org\/{rel}","templated":true}]}}