{"id":808,"date":"2018-06-01T10:50:04","date_gmt":"2018-06-01T10:50:04","guid":{"rendered":"http:\/\/www.madacclima.com\/?page_id=808"},"modified":"2018-06-01T11:05:42","modified_gmt":"2018-06-01T11:05:42","slug":"aviso-legal","status":"publish","type":"page","link":"https:\/\/www.madacclima.com\/es\/aviso-legal\/","title":{"rendered":"Aviso legal"},"content":{"rendered":"<h3>1.- INTRODUCCI\u00d3N<\/h3>\n<p>&nbsp;<\/p>\n<p>El acceso a esta web se encuentra condicionado a la previa lectura y aceptaci\u00f3n por parte de cualquier usuario de los t\u00e9rminos, condiciones, comunicaciones, advertencias y dem\u00e1s avisos legales contenidos en estas cl\u00e0usules. El acceso y uso posterior de esta web por parte del usuario implicar\u00e1 su conformidad de forma expresa, plena y sin reservas, con la totalidad de su contenido. El acceso tiene car\u00e1cter gratuito.<\/p>\n<p>&nbsp;<\/p>\n<p>Si el usuario no estuviera de acuerdo con el contenido de estas Condiciones Generales de navegaci\u00f3n deber\u00e1 abandonar la web, sin poder acceder ni disponer de los servicios que se ofrecen.<\/p>\n<p>&nbsp;<\/p>\n<p>Igualmente, acepta de forma expresa y sin excepciones que el acceso y la utilizaci\u00f3n de este sitio web, de sus servicios y de los contenidos de dichos servicios tiene lugar bajo su \u00fanica y exclusiva.El acceso a esta web tiene car\u00e1cter gratuito y su visualizaci\u00f3n no requiere previa suscripci\u00f3n o registro.Las conexiones con otros sitios web que pudieran haber, as\u00ed como el uso que el usuario pueda hacer est\u00e1n sujetos a estas Condiciones Generales de uso, as\u00ed como a los eventuales condicionados espec\u00edficos que los citados sitios web requieran. Cualquier uso distinto al autorizado est\u00e1 prohibido expresamente.<\/p>\n<p>&nbsp;<\/p>\n<p><strong>Madac clima<\/strong> podr\u00e1 modificar de forma unilateral, y en cualquier momento que considere oportuno la configuraci\u00f3n de la web, las condiciones del servicio y su contenido, as\u00ed como eliminarlos, limitarse o suspenderlos de manera temporal o definitiva, a adem\u00e1s de impedir el acceso procurando informar al usuario del cambio, siempre que las circunstancias se lo permiten, a trav\u00e9s de la publicaci\u00f3n en la p\u00e1gina web.<\/p>\n<p>&nbsp;<\/p>\n<h3><\/h3>\n<h3>2.- IDENTIDAD DEL TITULAR DE LA WEB<\/h3>\n<p>&nbsp;<\/p>\n<p>En cumplimiento de lo establecido en la Ley 34\/2002 de 11 de Julio, de Servicios de la Sociedad de La Informaci\u00f3n y el Comercio Electr\u00f3nico (LSSI) y legislaci\u00f3n sectorial concordante, se informa de los siguientes aspectos legales:<\/p>\n<p>Domicilio de Contacto:\u00a0<strong>Av. de les Flors 4 Bxos &#8211;\u00a0<\/strong><strong>08870 Sitges, Barcelona,\u00a0<\/strong><\/p>\n<p>Tel\u00e9fono: 93 810 22 97<br \/>\nFAX: 93 894 00 42<br \/>\nE-mail:\u00a0<a href=\"mailto:madacclima@madacclima.com\"><span lang=\"CA\">madacclima@madacclima.com<\/span><\/a><\/p>\n<p>&nbsp;<\/p>\n<p>&nbsp;<\/p>\n<h3>3.- DERECHOS Y OBLIGACIONES DEL PRESTADOR DE LOS SERVICIOS<\/h3>\n<p>&nbsp;<\/p>\n<p>1.- Como proveedor del servicio, <strong>Madac clima<\/strong>\u00a0\u00a0se encuentra obligada a prestar los servicios ofrecidos por esta web, a garantizar eficazmente el secreto de las comunicaciones que pueda haber con el usuario y responder a las reclamaciones que eventualmente puedan plantearse se.<\/p>\n<p>&nbsp;<\/p>\n<p>2.- En caso de efectuar operaciones de mantenimiento, reparaci\u00f3n, actualizaci\u00f3n o mejora de los servicios, tiene el derecho a suspender temporalmente y sin necesidad de preaviso la accesibilidad a esta web, y tambi\u00e9n a reservarse el derecho de prestaci\u00f3n o cancelaci\u00f3n ci\u00f3n de los servicios; sin perjuicio de lo cual procurar\u00e1 ponerlo en conocimiento de los usuarios siempre que las circunstancias se lo permiten.<\/p>\n<p>&nbsp;<\/p>\n<p>3.- El uso que los usuarios puedan realizar de los servicios y \/ o los datos y \/ o la informaci\u00f3n suministrada a ellos a trav\u00e9s de esta web se har\u00e1 por cuenta y riesgo del usuario.<\/p>\n<p>&nbsp;<\/p>\n<p><strong>Madac clima<\/strong>\u00a0 no garantiza, directa o indirectamente, la informaci\u00f3n o los servicios ofrecidos, salvo aquellas garant\u00edas que en virtud de las leyes aplicables deban ser otorgadas o que queden expl\u00edcitamente descritas en un acuerdo entre esta asociaci\u00f3n y el usuario.<\/p>\n<p>&nbsp;<\/p>\n<p><strong>Madac clima<\/strong>\u00a0 no garantiza el contenido suministrado, en su caso, por terceras personas, ni garantiza la veracidad, fiabilidad, precisi\u00f3n, oportunidad o conveniencia de la informaci\u00f3n suministrada para el destino que hagan los usuarios o cualquier otra persona.<\/p>\n<p>&nbsp;<\/p>\n<p>4.- Los derechos de propiedad intelectual sobre esta web son titularidad de <strong>Madac clima<\/strong>. El ejercicio exclusivo de los derechos de reproducci\u00f3n, distribuci\u00f3n, comunicaci\u00f3n p\u00fablica y transformaci\u00f3n pertenecen a la asociaci\u00f3n mencionada, sin perjuicio del ejercicio por parte de terceros del derecho a cita.<\/p>\n<p>&nbsp;<\/p>\n<h3><\/h3>\n<h3>4.- DERECHOS Y OBLIGACIONES DEL USUARIO<\/h3>\n<p>&nbsp;<\/p>\n<p>1.- En todo momento, el usuario debe realizar un uso l\u00edcito de los servicios de esta web de acuerdo con la legalidad vigente, y respetar los derechos de propiedad intelectual de <strong>Madac clima<\/strong>\u00a0\u00a0o terceros.<\/p>\n<p>&nbsp;<\/p>\n<p>En este sentido, el usuario garantiza que las actividades que desarrolle a trav\u00e9s de esta web se adecuar\u00e1n a la ley, la moral, el orden p\u00fablico y las buenas costumbres y en ning\u00fan caso resultar\u00e1n ofensivas para el buen nombre y la imagen comercial de <strong>Madac clima<\/strong>\u00a0para otros usuarios de la web o terceros.<\/p>\n<p>&nbsp;<\/p>\n<p>2.- El usuario no realizar\u00e1 a trav\u00e9s de los servicios que <strong>Madac clima<\/strong><strong>\u00a0<\/strong>pone a su disposici\u00f3n, ninguna acci\u00f3n que cause da\u00f1o o alteraciones de los contenidos, ni obstaculizar\u00e1 el buen funcionamiento de la web, por lo que tampoco causar\u00e1 problemas t\u00e9cnicos de ninguna \u00edndole , ni transferir\u00e1 elementos susceptibles de portar virus inform\u00e1ticos o de da\u00f1ar, interferir o interceptar total o parcialmente esta web, ni tampoco intervendr\u00e1 o alterar\u00e1 el correo electr\u00f3nico de otros usuarios.<\/p>\n<p>&nbsp;<\/p>\n<p>3.- La responsabilidad del usuario sobre la veracidad de los datos introducidos, en caso de que lo hiciera por cualquier circunstancia, es exclusiva, por lo que en caso de haber facilitado datos falsos o inexactos, <strong>Madac clima<\/strong>\u00a0se reserva el derecho a prohibir- el acceso a esta web.<\/p>\n<p>&nbsp;<\/p>\n<h3><\/h3>\n<h3>5.- EXCLUSI\u00d3N DE GARANT\u00cdAS Y DE RESPONSABILIDAD POR EL FUNCIONAMIENTO DEL SITIO WEB Y DE SUS SERVICIOS<\/h3>\n<p>&nbsp;<\/p>\n<p>1.- <strong>Madac clima<\/strong>\u00a0no garantiza la disponibilidad y continuidad del funcionamiento de este sitio web y de sus servicios.<\/p>\n<p>&nbsp;<\/p>\n<p>De esta forma, se excluye cualquier responsabilidad por los da\u00f1os y perjuicios de cualquier naturaleza que puedan derivarse de la falta de disponibilidad o de continuidad del funcionamiento del sitio web y de sus servicios y la utilidad que los usuarios hubieran podido atribuir al presente sitio web.<\/p>\n<p>&nbsp;<\/p>\n<p>En cualquier caso, <strong>Madac clima<\/strong>\u00a0realizar\u00e1 sus mejores esfuerzos para mantener la disponibilidad continuada de la web.<\/p>\n<p>&nbsp;<\/p>\n<p>2.- <strong>Madac clima<\/strong>\u00a0pone a disposici\u00f3n de los usuarios los sistemas de privacidad de datos personales que impidan el acceso a las mismas por parte de terceros. <strong>Madac clima<\/strong>\u00a0ha implantado todas las medidas de seguridad t\u00e9cnicas y organizativas necesarias que garanticen la integridad, confidencialidad y disponibilidad de los datos personales facilitados por el usuario.<\/p>\n<p>&nbsp;<\/p>\n<p>En este sentido, la asociaci\u00f3n se exime de toda responsabilidad por los da\u00f1os y perjuicios ocasionados en caso de producirse este conocimiento.<\/p>\n<p>&nbsp;<\/p>\n<p>3.- Aunque <strong>Madac clima<\/strong>\u00a0ha implantado todas las medidas adecuadas para garantizar la seguridad en esta materia, no controla ni garantiza la ausencia de virus ni de otros elementos en los contenidos de este sitio web que puedan producir alteraciones en el sistema inform\u00e1tico (equipo y programas) del usuario o en los documentos electr\u00f3nicos y ficheros almacenados en su sistema inform\u00e1tico.<\/p>\n<p>&nbsp;<\/p>\n<p><strong>Madac clima<\/strong> exime de cualquier responsabilidad por los da\u00f1os y perjuicios de toda naturaleza que puedan deberse a la presencia de virus en los contenidos que puedan producir alteraciones en el sistema inform\u00e1tico, documentos electr\u00f3nicos, ficheros etc.<\/p>\n<p>&nbsp;<\/p>\n<p>4.- <strong>Madac clima<\/strong><strong>\u00a0<\/strong>no tiene la obligaci\u00f3n y no controla la utilizaci\u00f3n que los usuarios hacen de este sitio web, de los servicios y de sus contenidos. En particular, esta asociaci\u00f3n no garantiza que los usuarios utilizan el sitio web, sus servicios y sus contenidos de acuerdo con estas Condiciones Generales y, en su caso, las Condiciones Particulares que resulten de aplicaci\u00f3n, ni que lo hagan de forma diligente y prudente.<\/p>\n<p>&nbsp;<\/p>\n<p>Esta asociaci\u00f3n tampoco tiene la obligaci\u00f3n de verificar, y no lo hace, la identidad de los usuarios ni la veracidad, vigencia, exhaustividad y \/ o autenticidad de los datos que estos usuarios proporcionan sobre s\u00ed mismos a otros.<\/p>\n<p>&nbsp;<\/p>\n<p>5.- El usuario acepta que el portal ha sido creado y desarrollado de buena fe por <strong>Madac clima<\/strong><strong>\u00a0<\/strong>con informaci\u00f3n procedente de fuentes internas y externas y lo ofrece en su estado actual a los usuarios, si bien puede contener imprecisiones o erratas. Para ello, el usuario exonera <strong>Madac clima<\/strong>\u00a0de cualquier responsabilidad en relaci\u00f3n con la fiabilidad, utilidad o falsa expectativa que el portal pudiera producirle durante su navegaci\u00f3n por el mismo.<\/p>\n<p>&nbsp;<\/p>\n<h3><\/h3>\n<h3>6.- PROPIEDAD INTELECTUAL<\/h3>\n<p>&nbsp;<\/p>\n<p>Todos los derechos sobre el contenido de esta web pertenecen a <strong>Madac clima<\/strong>\u00a0salvo aqu\u00e9llos de empresas con las que hayan firmado el correspondiente contrato para la provisi\u00f3n de contenidos y est\u00e1n protegidos por las normas nacionales e internacionales de propiedad intelectual e industrial.<\/p>\n<p>&nbsp;<\/p>\n<p>El dise\u00f1o, las im\u00e1genes, mapas, gr\u00e1ficos, marcas, r\u00f3tulos, signos distintivos o logos de <strong>Madac clima<\/strong>, los marcos, los banners, los programas y sus distintos c\u00f3digos, fuente y objeto, etc. de esta web son titularidad de <strong>Madac clima<\/strong>, que posee leg\u00edtimamente en exclusiva los derechos de explotaci\u00f3n.<\/p>\n<p>&nbsp;<\/p>\n<p>El usuario que acceda a esta web no podr\u00e1 copiar, modificar, distribuir, transmitir, reproducir, publicar, ceder, vender los elementos anteriormente mencionados o crear nuevos productos o servicios derivados de la informaci\u00f3n obtenida sin citar expresamente su procedencia.<\/p>\n<p>&nbsp;<\/p>\n<p>\u00danicamente queda autorizada la visualizaci\u00f3n y carga para el uso personal y no comercial del usuario, sin que pueda hacerlo extensivo a terceras personas o entidades.<\/p>\n<p>&nbsp;<\/p>\n<p>En el caso de los gr\u00e1ficos o dise\u00f1os que aparezcan en esta web la titularidad sean empresas colaboradoras de\u00a0<strong>Madac clima<\/strong>, les ser\u00e1n aplicables, igualmente, estas condiciones salvo pacto en contrario.<\/p>\n<p>&nbsp;<\/p>\n<p>Queda terminantemente prohibida la alteraci\u00f3n del contenido o la estructura de esta web por parte del usuario.<\/p>\n<p>&nbsp;<\/p>\n<p><strong>Madac clima<\/strong> velar\u00e1 para que los contenidos de esta web no tengan car\u00e1cter pornogr\u00e1fico, xen\u00f3fobo, discriminatorio, racista, difamatorio o que fomenten la violencia. Del mismo modo procurar\u00e1 evitar cualquier circunstancia que pueda ser perjudicial para los usuarios.<\/p>\n<p>&nbsp;<\/p>\n<h3><\/h3>\n<h3>7.- PROTECCI\u00d3N DE DATOS DE CAR\u00c1CTER PERSONAL<\/h3>\n<p>&nbsp;<\/p>\n<p>Los datos personales que el usuario de esta web pueda proporcionar pasan a formar parte de un fichero automatizado propiedad de <strong>Madac clima<\/strong>\u00a0con el objetivo de poder recibir puntualmente en su buz\u00f3n electr\u00f3nico informaci\u00f3n relativa a actividades y servicios de esta asociaci\u00f3n.<\/p>\n<p>&nbsp;<\/p>\n<p>Sus datos personales ser\u00e1n tratados de forma confidencial y no ser\u00e1n cedidos a terceros ajenos a <strong>Madac clima<\/strong>. En cualquier caso, el usuario podr\u00e1 ejercer los derechos de oposici\u00f3n, acceso, rectificaci\u00f3n y cancelaci\u00f3n de acuerdo con lo establecido en la Ley Org\u00e1nica 15\/1999, de 13 de diciembre, de Protecci\u00f3n de Datos de Car\u00e1cter Personal dirigi\u00e9ndose a <strong>Madac clima<\/strong>\u00a0con domicilio social<b>\u00a0<\/b>en <strong>08870 Sitges, Barcelona,\u00a0<\/strong><strong>Av. de les Flors 4 Bxos.<\/strong> o bien contactando con esta entidad a trav\u00e9s de la direcci\u00f3n de correo electr\u00f3nico:\u00a0<a href=\"mailto:madacclima@madacclima.com\"><span lang=\"CA\">madacclima@madacclima.com<\/span><\/a><\/p>\n<p>&nbsp;<\/p>\n<p>La primera vez que el usuario acceda a esta p\u00e1gina web, el servidor de <strong>Madac clima<\/strong>\u00a0enviar\u00e1 a su ordenador un fichero llamado \u201ccookie\u201d o galleta. Una cookie es un peque\u00f1o archivo de texto que el navegador recoge y almacena mientras el usuario navega por la web. De esta forma, puede conocer determinada informaci\u00f3n sobre la navegaci\u00f3n del usuario por su p\u00e1gina, y esto le permite adaptarla a las preferencias del usuario en sus siguientes visitas.<\/p>\n<p>&nbsp;<\/p>\n<p>En caso de que el usuario no desee recibir cookies durante la navegaci\u00f3n, deber\u00e1 desactivar la opci\u00f3n correspondiente de su navegador, de tal forma que impida la instalaci\u00f3n de cookies en el ordenador.<\/p>\n<p>&nbsp;<\/p>\n<h3><\/h3>\n<h3>8.- V\u00cdNCULOS O ENLACES HIPERTEXTUALES<\/h3>\n<p>&nbsp;<\/p>\n<p>Ning\u00fan tercero podr\u00e1 establecer relaci\u00f3n de \u201cframing\u201d entre sus p\u00e1ginas web y esta p\u00e1gina web.<\/p>\n<p>&nbsp;<\/p>\n<p>En caso de que esta p\u00e1gina web pudiera contener v\u00ednculos o enlaces con otros portales o sitios web no gestionados por <strong>Madac clima<\/strong>, esta asociaci\u00f3n manifiesta que no ejerce control sobre dichos portales o sitios web, ni es responsable de su contenido. Los enlaces que esta web pueda contener se ofrecer\u00e1n, \u00fanicamente, a modo de referencias informativas, sin ning\u00fan tipo de valoraci\u00f3n sobre los contenidos, propietarios, servicios o productos ofrecidos desde los mismos.<\/p>\n<p>&nbsp;<\/p>\n<p>En todo caso, <strong>Madac clima<\/strong>\u00a0exonera de toda responsabilidad en relaci\u00f3n con los servicios prestados por dichos terceros frente a cualquier reclamaci\u00f3n de cualquier naturaleza y demandas que pudieran interponerse en relaci\u00f3n con estos servicios.<\/p>\n<p>&nbsp;<\/p>\n<h3><\/h3>\n<h3>9.- NULIDAD E INEFICACIA DE LAS CL\u00c1USULAS<\/h3>\n<p>Si cualquier cl\u00e1usula de estas Condiciones Generales de navegaci\u00f3n y uso de la web fuese declarada total o parcialmente nula o ineficaz afectar\u00e1 tan s\u00f3lo la disposici\u00f3n o la parte referida que resulte nula o ineficaz, por lo que en todo lo dem\u00e1s subsistir\u00e1n las dem\u00e1s condiciones generales, y la disposici\u00f3n o la parte de \u00e9sta que resulte afectada se considerar\u00e1 no puesta salvo que, por resultar esencial a las condiciones generales, hubiese de afectarlas de forma integral.<\/p>\n<p>&nbsp;<\/p>\n<h3><\/h3>\n<h3>10.- LEY APLICABLE Y JURISDICCI\u00d3N<\/h3>\n<p>&nbsp;<\/p>\n<p>Estas Condiciones Generales de uso y navegaci\u00f3n, al igual que cualquier relaci\u00f3n entre el usuario y <strong>Madac clima<\/strong>\u00a0se regir\u00e1n por la legislaci\u00f3n espa\u00f1ola.<\/p>\n<p>&nbsp;<\/p>\n<p>Para cualquier litigio derivado de la existencia o el contenido de estas Condiciones Generales o de las relaciones entre el usuario y <strong>Madac clima<\/strong><strong>\u00a0<\/strong>ambas partes, con renuncia expresa a cualquier otro fuero que pudiera corresponderles, se someten a la jurisdicci\u00f3n y la competencia exclusiva de los Juzgados y Tribunales de Vilanova i la Geltr\u00fa.<\/p>\n<p>&nbsp;<\/p>\n<h3><\/h3>\n<h3>11.- COOKIES<\/h3>\n<p>&nbsp;<\/p>\n<p>Este sitio web utiliza cookies, que es una peque\u00f1a informaci\u00f3n almacenada en el equipo para ayudar a la web a proporcionar una mejor experiencia de usuario. En general, las cookies se utilizan para mantener las preferencias del usuario y proporcionar datos de seguimiento an\u00f3nimas a aplicaciones de terceros como Google Analytics. Por norma general, las cookies har\u00e1n que su experiencia de navegaci\u00f3n sea mejor. Sin embargo, es posible que prefieras desactivar las cookies en este lugar y en los dem\u00e1s. La forma m\u00e1s eficaz es desactivar las cookies en el navegador.<\/p>\n<p>&nbsp;<\/p>\n<p>&nbsp;<\/p>\n","protected":false},"excerpt":{"rendered":"<p>1.- INTRODUCCI\u00d3N &nbsp; El acceso a esta web se encuentra condicionado a la previa lectura y aceptaci\u00f3n por parte de cualquier usuario de los t\u00e9rminos, condiciones, comunicaciones, advertencias y dem\u00e1s avisos legales contenidos en estas cl\u00e0usules. El acceso y uso posterior de esta web por&#8230;<\/p>\n","protected":false},"author":1,"featured_media":0,"parent":0,"menu_order":0,"comment_status":"closed","ping_status":"closed","template":"","meta":{"footnotes":""},"class_list":["post-808","page","type-page","status-publish","hentry"],"_links":{"self":[{"href":"https:\/\/www.madacclima.com\/es\/wp-json\/wp\/v2\/pages\/808","targetHints":{"allow":["GET"]}}],"collection":[{"href":"https:\/\/www.madacclima.com\/es\/wp-json\/wp\/v2\/pages"}],"about":[{"href":"https:\/\/www.madacclima.com\/es\/wp-json\/wp\/v2\/types\/page"}],"author":[{"embeddable":true,"href":"https:\/\/www.madacclima.com\/es\/wp-json\/wp\/v2\/users\/1"}],"replies":[{"embeddable":true,"href":"https:\/\/www.madacclima.com\/es\/wp-json\/wp\/v2\/comments?post=808"}],"version-history":[{"count":0,"href":"https:\/\/www.madacclima.com\/es\/wp-json\/wp\/v2\/pages\/808\/revisions"}],"wp:attachment":[{"href":"https:\/\/www.madacclima.com\/es\/wp-json\/wp\/v2\/media?parent=808"}],"curies":[{"name":"wp","href":"https:\/\/api.w.org\/{rel}","templated":true}]}}