{"id":524,"date":"2018-04-09T13:32:23","date_gmt":"2018-04-09T13:32:23","guid":{"rendered":"http:\/\/www.madacclima.com\/?page_id=524"},"modified":"2022-03-08T09:07:04","modified_gmt":"2022-03-08T09:07:04","slug":"abono","status":"publish","type":"page","link":"https:\/\/www.madacclima.com\/es\/abono\/","title":{"rendered":"Abono revisi\u00f3n y mantenimiento anual instalaciones"},"content":{"rendered":"<div class=\"wpb-content-wrapper\"><p>[vc_row css_animation=\u00bb\u00bb row_type=\u00bbrow\u00bb use_row_as_full_screen_section=\u00bbno\u00bb type=\u00bbfull_width\u00bb angled_section=\u00bbno\u00bb text_align=\u00bbleft\u00bb background_image_as_pattern=\u00bbwithout_pattern\u00bb][vc_column][vc_raw_js]JTNDc2NyaXB0JTNFJTBBJTIwJTIwZ3RhZyUyOCUyN2NvbmZpZyUyNyUyQyUyMCUyN0FXLTk0NzAzMTg2MiUyRnBPLTZDTGo1c3FjREVMYWV5c01EJTI3JTJDJTIwJTdCJTBBJTIwJTIwJTIwJTIwJTI3cGhvbmVfY29udmVyc2lvbl9udW1iZXIlMjclM0ElMjAlMjc5MyUyMDgxMCUyMDIyJTIwOTclMjclMEElMjAlMjAlN0QlMjklM0IlMEElM0MlMkZzY3JpcHQlM0U=[\/vc_raw_js][\/vc_column][\/vc_row][vc_row css_animation=\u00bb\u00bb row_type=\u00bbrow\u00bb use_row_as_full_screen_section=\u00bbno\u00bb type=\u00bbgrid\u00bb angled_section=\u00bbno\u00bb text_align=\u00bbleft\u00bb background_image_as_pattern=\u00bbwithout_pattern\u00bb css=\u00bb.vc_custom_1523268378652{background-position: center !important;background-repeat: no-repeat !important;background-size: contain !important;}\u00bb z_index=\u00bb\u00bb][vc_column width=\u00bb2\/3&#8243;][vc_empty_space height=\u00bb64px\u00bb][vc_column_text]<\/p>\n<h1>Abono<\/h1>\n<p><strong>ABONO REVISI\u00d3N Y MANTENIMIENTO ANUAL DE LAS INSTALACIONES<\/strong>[\/vc_column_text][vc_empty_space height=\u00bb43px\u00bb][vc_column_text]Para su tranquilidad y comodidad, MADAC como empresa de mantenimiento \/ instalaci\u00f3n, ofrece un abono anual que permite realizar un servicio de revisi\u00f3n y mantenimiento a sus instalaci\u00f3n. Prevenir es ahorrar.<\/p>\n<p>Por una cuota anual le ofrecemos un amplio abanico de ventajas que no encontrar\u00e1 en ning\u00fan sitio m\u00e1s, y con una relaci\u00f3n calidad \/ precio incomparable.[\/vc_column_text][vc_empty_space height=\u00bb43px\u00bb][vc_column_text]<\/p>\n<div class=\"wpb_text_column wpb_content_element \">\n<div class=\"wpb_wrapper\">\n<div class=\"wpb_text_column wpb_content_element \">\n<div class=\"wpb_wrapper\">\n<h2>VENTAJAS DE CONTRATAR UN ABONO ANUAL CON MADAC CLIMA<\/h2>\n<\/div>\n<\/div>\n<div class=\"wpb_single_image wpb_content_element wpb_animate_when_almost_visible wpb_top-to-bottom vc_align_left wpb_start_animation\"><\/div>\n<\/div>\n<\/div>\n<div class=\"wpb_single_image wpb_content_element wpb_animate_when_almost_visible wpb_top-to-bottom vc_align_left wpb_start_animation\"><\/div>\n<p>[\/vc_column_text][vc_empty_space height=\u00bb23px\u00bb][vc_single_image image=\u00bb405&#8243; img_size=\u00bbfull\u00bb qode_css_animation=\u00bb\u00bb][vc_empty_space height=\u00bb23px\u00bb][vc_column_text]<\/p>\n<ul>\n<li>Mantenimiento de aparatos \/ calefacci\u00f3n \/agua caliente sanitaria \/ aire acondicionado \/ placas solares \/ tratamientos de aguas<\/li>\n<li>Presupuestos y asesoramiento gratuito<\/li>\n<li>Revisi\u00f3n Rite obligatoria incluida en el contrato<\/li>\n<li>Servicio de urgencias<\/li>\n<li>Reparaciones incluidas en el contrato de mantenimiento, excepto material ( existiendo la posibilidad de incluirlo en funci\u00f3n de la marca)<\/li>\n<li>Servicio de informaci\u00f3n por internet<\/li>\n<li>Servicio de instalaci\u00f3n con 1 hora gratuita por aver\u00eda.<\/li>\n<\/ul>\n<p>[\/vc_column_text][vc_empty_space height=\u00bb64px\u00bb][vc_column_text]Somos la empresa con m\u00e1s bagaje y podemos garantizarle profesionalidad y experiencia en el sector.<\/p>\n<p>MADAC, Instalaciones<br \/>\n08870 Sitges, Barcelona,<br \/>\nAvda. de las Flores 4\u00a0Bxos.<br \/>\nTel\u00e9fono: <a href=\"tel:+348102297\">93 810 22 97<\/a><br \/>\nFAX: 93 894 00 42<br \/>\nE-mail:\u00a0<a href=\"mailto:madacclima@madacclima.com\">madacclima@madacclima.com<\/a><\/p>\n<p>Nuestro horario de atenci\u00f3n al p\u00fablico es de <strong>lunes a viernes, de 9 a 13:30h y de 15 a 17:30h<\/strong>. En caso de una urgencia, d\u00e9jenos un mensaje a nuestro contestador y le llamaremos lo antes posible.[\/vc_column_text][vc_empty_space height=\u00bb64px\u00bb][\/vc_column][vc_column width=\u00bb1\/3&#8243;][vc_empty_space height=\u00bb64px\u00bb][vc_widget_sidebar sidebar_id=\u00bbsidebar\u00bb][vc_empty_space height=\u00bb64px\u00bb][\/vc_column][\/vc_row]<\/p>\n<\/div>","protected":false},"excerpt":{"rendered":"<p>[vc_row css_animation=\u00bb\u00bb row_type=\u00bbrow\u00bb use_row_as_full_screen_section=\u00bbno\u00bb type=\u00bbfull_width\u00bb angled_section=\u00bbno\u00bb text_align=\u00bbleft\u00bb background_image_as_pattern=\u00bbwithout_pattern\u00bb][vc_column][vc_raw_js]JTNDc2NyaXB0JTNFJTBBJTIwJTIwZ3RhZyUyOCUyN2NvbmZpZyUyNyUyQyUyMCUyN0FXLTk0NzAzMTg2MiUyRnBPLTZDTGo1c3FjREVMYWV5c01EJTI3JTJDJTIwJTdCJTBBJTIwJTIwJTIwJTIwJTI3cGhvbmVfY29udmVyc2lvbl9udW1iZXIlMjclM0ElMjAlMjc5MyUyMDgxMCUyMDIyJTIwOTclMjclMEElMjAlMjAlN0QlMjklM0IlMEElM0MlMkZzY3JpcHQlM0U=[\/vc_raw_js][\/vc_column][\/vc_row][vc_row css_animation=\u00bb\u00bb row_type=\u00bbrow\u00bb use_row_as_full_screen_section=\u00bbno\u00bb type=\u00bbgrid\u00bb angled_section=\u00bbno\u00bb text_align=\u00bbleft\u00bb background_image_as_pattern=\u00bbwithout_pattern\u00bb css=\u00bb.vc_custom_1523268378652{background-position: center !important;background-repeat: no-repeat !important;background-size: contain !important;}\u00bb z_index=\u00bb\u00bb][vc_column width=\u00bb2\/3&#8243;][vc_empty_space height=\u00bb64px\u00bb][vc_column_text] Abono ABONO REVISI\u00d3N Y MANTENIMIENTO ANUAL DE LAS INSTALACIONES[\/vc_column_text][vc_empty_space height=\u00bb43px\u00bb][vc_column_text]Para su tranquilidad y comodidad, MADAC como empresa de mantenimiento \/&#8230;<\/p>\n","protected":false},"author":1,"featured_media":0,"parent":0,"menu_order":0,"comment_status":"closed","ping_status":"closed","template":"","meta":{"footnotes":""},"class_list":["post-524","page","type-page","status-publish","hentry"],"_links":{"self":[{"href":"https:\/\/www.madacclima.com\/es\/wp-json\/wp\/v2\/pages\/524","targetHints":{"allow":["GET"]}}],"collection":[{"href":"https:\/\/www.madacclima.com\/es\/wp-json\/wp\/v2\/pages"}],"about":[{"href":"https:\/\/www.madacclima.com\/es\/wp-json\/wp\/v2\/types\/page"}],"author":[{"embeddable":true,"href":"https:\/\/www.madacclima.com\/es\/wp-json\/wp\/v2\/users\/1"}],"replies":[{"embeddable":true,"href":"https:\/\/www.madacclima.com\/es\/wp-json\/wp\/v2\/comments?post=524"}],"version-history":[{"count":6,"href":"https:\/\/www.madacclima.com\/es\/wp-json\/wp\/v2\/pages\/524\/revisions"}],"predecessor-version":[{"id":1876,"href":"https:\/\/www.madacclima.com\/es\/wp-json\/wp\/v2\/pages\/524\/revisions\/1876"}],"wp:attachment":[{"href":"https:\/\/www.madacclima.com\/es\/wp-json\/wp\/v2\/media?parent=524"}],"curies":[{"name":"wp","href":"https:\/\/api.w.org\/{rel}","templated":true}]}}