{"id":513,"date":"2018-04-09T13:02:58","date_gmt":"2018-04-09T13:02:58","guid":{"rendered":"http:\/\/www.madacclima.com\/?page_id=513"},"modified":"2022-03-08T09:08:49","modified_gmt":"2022-03-08T09:08:49","slug":"empresa-madac","status":"publish","type":"page","link":"https:\/\/www.madacclima.com\/es\/empresa-madac\/","title":{"rendered":"Empresa"},"content":{"rendered":"<div class=\"wpb-content-wrapper\"><p>[vc_row css_animation=\u00bb\u00bb row_type=\u00bbrow\u00bb use_row_as_full_screen_section=\u00bbno\u00bb type=\u00bbfull_width\u00bb angled_section=\u00bbno\u00bb text_align=\u00bbleft\u00bb background_image_as_pattern=\u00bbwithout_pattern\u00bb][vc_column][vc_raw_js]JTNDc2NyaXB0JTNFJTBBJTIwJTIwZ3RhZyUyOCUyN2NvbmZpZyUyNyUyQyUyMCUyN0FXLTk0NzAzMTg2MiUyRnBPLTZDTGo1c3FjREVMYWV5c01EJTI3JTJDJTIwJTdCJTBBJTIwJTIwJTIwJTIwJTI3cGhvbmVfY29udmVyc2lvbl9udW1iZXIlMjclM0ElMjAlMjc5MyUyMDgxMCUyMDIyJTIwOTclMjclMEElMjAlMjAlN0QlMjklM0IlMEElM0MlMkZzY3JpcHQlM0U=[\/vc_raw_js][\/vc_column][\/vc_row][vc_row css_animation=\u00bb\u00bb row_type=\u00bbrow\u00bb use_row_as_full_screen_section=\u00bbno\u00bb type=\u00bbgrid\u00bb angled_section=\u00bbno\u00bb text_align=\u00bbleft\u00bb background_image_as_pattern=\u00bbwithout_pattern\u00bb css=\u00bb.vc_custom_1523268378652{background-position: center !important;background-repeat: no-repeat !important;background-size: contain !important;}\u00bb z_index=\u00bb\u00bb][vc_column width=\u00bb2\/3&#8243;][vc_empty_space height=\u00bb64px\u00bb][vc_column_text]<\/p>\n<h1>Empresa<\/h1>\n<p>QUI\u00c9NES SOMOS[\/vc_column_text][vc_empty_space height=\u00bb34px\u00bb][vc_column_text]Nuestra empresa repara sus aparatos de calefacci\u00f3n, agua caliente, aire acondicionado, gasoil y placas solares.<br \/>\nSomos l\u00edderes en nuestras comarcas con m\u00e1s de 50 a\u00f1os de experiencia, siempre de la mano de los mejores fabricantes.<br \/>\nLe reparamos, asesoramos y mantenemos sus aparatos con un trato de proximidad de una empresa cercana, de la zona.[\/vc_column_text][vc_empty_space height=\u00bb34px\u00bb][vc_column_text]<strong>Servicio de Garant\u00eda<\/strong><\/p>\n<p>En MADAC queremos que est\u00e9s tranquilo, por esto nuestros servicios disponen de garant\u00eda<\/p>\n<ul>\n<li>3 meses REPARACIONES<\/li>\n<li>2 a\u00f1os en INSTALACIONES<\/li>\n<\/ul>\n<p>[\/vc_column_text][vc_empty_space height=\u00bb45px\u00bb][vc_column_text]<\/p>\n<h3>Un gran equipo<\/h3>\n<p>[\/vc_column_text][vc_empty_space height=\u00bb18px\u00bb][vc_single_image image=\u00bb408&#8243; img_size=\u00bbfull\u00bb qode_css_animation=\u00bb\u00bb][vc_empty_space height=\u00bb18px\u00bb][vc_column_text]<\/p>\n<h2><b>45 A\u00d1OS DE EXPERIENCIA EN\u00a0EL\u00a0<\/b><strong>GARRAF<\/strong><b>, <\/b><strong>ALT PENED\u00c8S Y BAIX PENED\u00c8S<\/strong><\/h2>\n<p>[\/vc_column_text][vc_empty_space height=\u00bb18px\u00bb][vc_column_text]<\/p>\n<p class=\"p2\">En MADAC tenemos una larga trayectoria en el servicio\u00a0de\u00a0<strong>instalaciones y reparaciones de calefacci\u00f3n, aire acondicionado y calderas<\/strong>\u00a0en nuestro territorio:<\/p>\n<pre><\/pre>\n<p><a href=\"https:\/\/www.madacclima.com\/es\/lideres-en-el-garraf-vilanova-i-la-geltru-sitges-sant-pere-de-ribes-roquetes-cubelles-canyelles-olivella\"><span class=\"s1\">Somos una empresa creada en la comarca del\u00a0<\/span><strong>Garraf<\/strong><\/a><\/p>\n<p><a href=\"https:\/\/www.madacclima.com\/es\/servicio-en-el-alt-penedes-vilafranca-sant-sadurni-santa-margarida-i-els-monjos-gelida-subirats-olerdola\">Desde nuestros inicios tenemos clientes en el\u00a0<strong>Alt Pened\u00e8s<\/strong><\/a><\/p>\n<p><a href=\"https:\/\/www.madacclima.com\/es\/presentes-en-el-baix-penedes-vendrell-calafell-cunit-arboc\">El\u00a0<strong>Baix Pened\u00e8s<\/strong>\u00a0es otra\u00a0de las comarcas\u00a0en las que ofrecemos nuestro servicio<\/a>[\/vc_column_text][vc_empty_space height=\u00bb64px\u00bb][vc_column_text]Somos la empresa con m\u00e1s bagaje y podemos garantizarle profesionalidad y experiencia en el sector.<\/p>\n<p>MADAC, Instalaciones<br \/>\n08870 Sitges, Barcelona,<br \/>\nAvda. de las Flores 4\u00a0Bxos.<br \/>\nTel\u00e9fono: <a href=\"tel:+348102297\">93 810 22 97<\/a><br \/>\nFAX: 93 894 00 42<br \/>\nE-mail:\u00a0<a href=\"mailto:madacclima@madacclima.com\">madacclima@madacclima.com<\/a><\/p>\n<p>Nuestro horario de atenci\u00f3n al p\u00fablico es de <strong>lunes a viernes, de 9 a 13:30h y de 15 a 17:30h<\/strong>. En caso de una urgencia, d\u00e9jenos un mensaje a nuestro contestador y le llamaremos lo antes posible.[\/vc_column_text][vc_empty_space height=\u00bb64px\u00bb][\/vc_column][vc_column width=\u00bb1\/3&#8243;][vc_empty_space height=\u00bb64px\u00bb][vc_widget_sidebar sidebar_id=\u00bbsidebar\u00bb][vc_empty_space height=\u00bb64px\u00bb][\/vc_column][\/vc_row]<\/p>\n<\/div>","protected":false},"excerpt":{"rendered":"<p>[vc_row css_animation=\u00bb\u00bb row_type=\u00bbrow\u00bb use_row_as_full_screen_section=\u00bbno\u00bb type=\u00bbfull_width\u00bb angled_section=\u00bbno\u00bb text_align=\u00bbleft\u00bb background_image_as_pattern=\u00bbwithout_pattern\u00bb][vc_column][vc_raw_js]JTNDc2NyaXB0JTNFJTBBJTIwJTIwZ3RhZyUyOCUyN2NvbmZpZyUyNyUyQyUyMCUyN0FXLTk0NzAzMTg2MiUyRnBPLTZDTGo1c3FjREVMYWV5c01EJTI3JTJDJTIwJTdCJTBBJTIwJTIwJTIwJTIwJTI3cGhvbmVfY29udmVyc2lvbl9udW1iZXIlMjclM0ElMjAlMjc5MyUyMDgxMCUyMDIyJTIwOTclMjclMEElMjAlMjAlN0QlMjklM0IlMEElM0MlMkZzY3JpcHQlM0U=[\/vc_raw_js][\/vc_column][\/vc_row][vc_row css_animation=\u00bb\u00bb row_type=\u00bbrow\u00bb use_row_as_full_screen_section=\u00bbno\u00bb type=\u00bbgrid\u00bb angled_section=\u00bbno\u00bb text_align=\u00bbleft\u00bb background_image_as_pattern=\u00bbwithout_pattern\u00bb css=\u00bb.vc_custom_1523268378652{background-position: center !important;background-repeat: no-repeat !important;background-size: contain !important;}\u00bb z_index=\u00bb\u00bb][vc_column width=\u00bb2\/3&#8243;][vc_empty_space height=\u00bb64px\u00bb][vc_column_text] Empresa QUI\u00c9NES SOMOS[\/vc_column_text][vc_empty_space height=\u00bb34px\u00bb][vc_column_text]Nuestra empresa repara sus aparatos de calefacci\u00f3n, agua caliente, aire acondicionado, gasoil y placas solares. Somos l\u00edderes&#8230;<\/p>\n","protected":false},"author":1,"featured_media":0,"parent":0,"menu_order":0,"comment_status":"closed","ping_status":"closed","template":"full_width.php","meta":{"footnotes":""},"class_list":["post-513","page","type-page","status-publish","hentry"],"_links":{"self":[{"href":"https:\/\/www.madacclima.com\/es\/wp-json\/wp\/v2\/pages\/513","targetHints":{"allow":["GET"]}}],"collection":[{"href":"https:\/\/www.madacclima.com\/es\/wp-json\/wp\/v2\/pages"}],"about":[{"href":"https:\/\/www.madacclima.com\/es\/wp-json\/wp\/v2\/types\/page"}],"author":[{"embeddable":true,"href":"https:\/\/www.madacclima.com\/es\/wp-json\/wp\/v2\/users\/1"}],"replies":[{"embeddable":true,"href":"https:\/\/www.madacclima.com\/es\/wp-json\/wp\/v2\/comments?post=513"}],"version-history":[{"count":6,"href":"https:\/\/www.madacclima.com\/es\/wp-json\/wp\/v2\/pages\/513\/revisions"}],"predecessor-version":[{"id":1878,"href":"https:\/\/www.madacclima.com\/es\/wp-json\/wp\/v2\/pages\/513\/revisions\/1878"}],"wp:attachment":[{"href":"https:\/\/www.madacclima.com\/es\/wp-json\/wp\/v2\/media?parent=513"}],"curies":[{"name":"wp","href":"https:\/\/api.w.org\/{rel}","templated":true}]}}