{"id":2299,"date":"2026-02-10T10:56:17","date_gmt":"2026-02-10T10:56:17","guid":{"rendered":"https:\/\/www.madacclima.com\/?page_id=2299"},"modified":"2026-02-10T10:56:17","modified_gmt":"2026-02-10T10:56:17","slug":"huella","status":"publish","type":"page","link":"https:\/\/www.madacclima.com\/es\/huella\/","title":{"rendered":"Huella"},"content":{"rendered":"\n<!-- Legal document generated by Complianz | GDPR\/CCPA Cookie Consent https:\/\/wordpress.org\/plugins\/complianz-gdpr -->\n<div id=\"cmplz-document\" class=\"cmplz-document impressum cmplz-document-all\"><p><i>Este aviso legal \/ imprint fue actualizado por \u00faltima vez el 10 de febrero de 2026.<\/i><\/p><p class=\"cmplz-subtitle\">El propietario de esta web es:<\/p><p>Madac Clima Societat Limitada<br>Av. de las Flores 4 baixos. 08870 Sitges<br>Espa\u00f1a<br>Correo electr\u00f3nico:&nbsp;<span class=\"cmplz-obfuscate\">&#109;&#097;d&#097;cc&#108;&#105;&#109;&#097;@<span class=\"cmplz-fmail-domain\">ex.&#099;&#111;&#109;<\/span>&#109;&#097;dacc&#108;im&#097;&#046;&#099;&#111;m<\/span><br>N\u00famero de tel\u00e9fono: 93 810 22 97<br>CIF (N\u00famero de IVA):&nbsp;B61842118<\/p><p class=\"cmplz-subtitle\">El\/Los representante\/s legal\/es de Madac Clima Societat Limitada:<\/p><p>Jordi Sans<\/p><h2>1. General<\/h2><p>No estamos dispuestos ni obligados a participar en procedimientos de resoluci\u00f3n de conflictos ante una junta de arbitraje de consumo.<\/p><\/div>\n","protected":false},"excerpt":{"rendered":"Este aviso legal \/ imprint fue actualizado por \u00faltima vez el 10 de febrero de 2026.El propietario de esta web es:Madac Clima Societat LimitadaAv. de las Flores 4 baixos. 08870 SitgesEspa\u00f1aCorreo electr\u00f3nico:&nbsp;madac&#099;&#108;&#105;ma@ex.&#099;&#111;&#109;&#109;&#097;d&#097;&#099;&#099;li&#109;a&#046;comN\u00famero de tel\u00e9fono: 93 810 22 97CIF (N\u00famero de IVA):&nbsp;B61842118El\/Los representante\/s legal\/es de Madac...","protected":false},"author":4,"featured_media":0,"parent":0,"menu_order":0,"comment_status":"closed","ping_status":"closed","template":"","meta":{"footnotes":""},"class_list":["post-2299","page","type-page","status-publish","hentry"],"_links":{"self":[{"href":"https:\/\/www.madacclima.com\/es\/wp-json\/wp\/v2\/pages\/2299","targetHints":{"allow":["GET"]}}],"collection":[{"href":"https:\/\/www.madacclima.com\/es\/wp-json\/wp\/v2\/pages"}],"about":[{"href":"https:\/\/www.madacclima.com\/es\/wp-json\/wp\/v2\/types\/page"}],"author":[{"embeddable":true,"href":"https:\/\/www.madacclima.com\/es\/wp-json\/wp\/v2\/users\/4"}],"replies":[{"embeddable":true,"href":"https:\/\/www.madacclima.com\/es\/wp-json\/wp\/v2\/comments?post=2299"}],"version-history":[{"count":1,"href":"https:\/\/www.madacclima.com\/es\/wp-json\/wp\/v2\/pages\/2299\/revisions"}],"predecessor-version":[{"id":2300,"href":"https:\/\/www.madacclima.com\/es\/wp-json\/wp\/v2\/pages\/2299\/revisions\/2300"}],"wp:attachment":[{"href":"https:\/\/www.madacclima.com\/es\/wp-json\/wp\/v2\/media?parent=2299"}],"curies":[{"name":"wp","href":"https:\/\/api.w.org\/{rel}","templated":true}]}}