{"id":1578,"date":"2020-12-14T11:29:58","date_gmt":"2020-12-14T11:29:58","guid":{"rendered":"https:\/\/www.madacclima.com\/?page_id=1578"},"modified":"2020-12-14T11:29:58","modified_gmt":"2020-12-14T11:29:58","slug":"instalacion-energia-solar-fotovoltaica","status":"publish","type":"page","link":"https:\/\/www.madacclima.com\/es\/instalacion-energia-solar-fotovoltaica\/","title":{"rendered":"Instalaci\u00f3n Energ\u00eda Solar Fotovoltaica"},"content":{"rendered":"<div class=\"wpb-content-wrapper\"><p>[vc_row css_animation=\u00bb\u00bb row_type=\u00bbrow\u00bb use_row_as_full_screen_section=\u00bbno\u00bb type=\u00bbfull_width\u00bb angled_section=\u00bbno\u00bb text_align=\u00bbleft\u00bb background_image_as_pattern=\u00bbwithout_pattern\u00bb][vc_column width=\u00bb2\/3&#8243;][vc_column_text]<\/p>\n<h1>Instalaci\u00f3n Energ\u00eda Solar Fotovoltaica<\/h1>\n<p>[\/vc_column_text][vc_empty_space][vc_column_text]\u00bfHa calculado nunca cu\u00e1nto dinero podr\u00eda llegar a ahorrar si tuviera energ\u00eda solar fotovoltaica en su casa? Estudios recientes revelan que, como m\u00ednimo, una cuarta parte de su facturaci\u00f3n anual. Si se est\u00e1 planteando instalar energ\u00eda solar fotovoltaica, en Madac le ofrecemos soluciones integrales. Acompa\u00f1amos a los clientes durante todo el proceso de instalaci\u00f3n. Desde hacer presupuestos y cuantificar el ahorro energ\u00e9tico, hasta ayudar a escoger el tipo de paneles que mejor se adaptan al nivel de consumo y al tama\u00f1o de cada vivienda, as\u00ed como al volumen de radiaci\u00f3n solar de su poblaci\u00f3n.<\/p>\n<p>&nbsp;<\/p>\n<p>La colocaci\u00f3n de los paneles se efect\u00faa con todas las garant\u00edas de seguridad. En Madac s\u00f3lo trabajamos con primeras marcas y profesionales cualificados que aseguran la integraci\u00f3n arquitect\u00f3nica y el correcto funcionamiento de cada instalaci\u00f3n. Aparte, nos encargamos de todo el mantenimiento y, si hiciera falta, de posibles reparaciones o sustituciones.<\/p>\n<p>&nbsp;<\/p>\n<p>Por supuesto, no es necesario que la vivienda cumpla requisitos especiales: s\u00f3lo que haya espacio suficiente en la azotea para colocar las placas y que \u00e9stas puedan recibir la radiaci\u00f3n solar de forma directa. De todos modos, nuestros instaladores siempre hacen una visita previa para confirmar que no haya ning\u00fan problema.<\/p>\n<p>Proteger el medio ambiente no hab\u00eda sido tan f\u00e1cil ni tan barato. Casas unifamiliares, comunidades de propietarios, empresas&#8230; Cualquiera puede sacar rendimiento de una energ\u00eda limpia, sostenible, eficiente y que, adem\u00e1s, se beneficia de interesantes ayudas econ\u00f3micas por parte de las administraciones. Ya no hay que estar ubicado en zonas aisladas sin abastecimiento el\u00e9ctrico. La energ\u00eda solar fotovoltaica sale a cuenta en todas partes.<\/p>\n<p>&nbsp;<\/p>\n<p>S\u00f3lo es necesario disponer de un tejado o de un patio para instalar los paneles solares. Del resto de cuestiones nos encargamos directamente nosotros. Los m\u00e1ximos est\u00e1ndar de calidad, combinados con los precios m\u00e1s competitivos.<\/p>\n<p>&nbsp;<\/p>\n<p>P\u00eddanos informaci\u00f3n sin ning\u00fan tipo de compromiso y le asesoraremos en todo lo que necesite. Tenemos las oficinas centrales en Sitges y en Vilafranca del Pened\u00e8s, pero abarcamos todo el Garraf, Alt Pened\u00e8s y el Baix Pened\u00e8s. M\u00e1s de 6.000 clientes del territorio ya conf\u00edan nosotros. Si se trata de una calefacci\u00f3n que no d\u00e9 problemas, la mejor opci\u00f3n es Madac.[\/vc_column_text][vc_empty_space][vc_single_image image=\u00bb1556&#8243; img_size=\u00bbfull\u00bb alignment=\u00bbcenter\u00bb qode_css_animation=\u00bb\u00bb][vc_empty_space height=\u00bb50px\u00bb][\/vc_column][vc_column width=\u00bb1\/3&#8243;][vc_widget_sidebar sidebar_id=\u00bbsidebar\u00bb][\/vc_column][\/vc_row]<\/p>\n<\/div>","protected":false},"excerpt":{"rendered":"<p>[vc_row css_animation=\u00bb\u00bb row_type=\u00bbrow\u00bb use_row_as_full_screen_section=\u00bbno\u00bb type=\u00bbfull_width\u00bb angled_section=\u00bbno\u00bb text_align=\u00bbleft\u00bb background_image_as_pattern=\u00bbwithout_pattern\u00bb][vc_column width=\u00bb2\/3&#8243;][vc_column_text] Instalaci\u00f3n Energ\u00eda Solar Fotovoltaica [\/vc_column_text][vc_empty_space][vc_column_text]\u00bfHa calculado nunca cu\u00e1nto dinero podr\u00eda llegar a ahorrar si tuviera energ\u00eda solar fotovoltaica en su casa? Estudios recientes revelan que, como m\u00ednimo, una cuarta parte de su facturaci\u00f3n anual. Si se&#8230;<\/p>\n","protected":false},"author":1,"featured_media":0,"parent":0,"menu_order":0,"comment_status":"closed","ping_status":"closed","template":"","meta":{"footnotes":""},"class_list":["post-1578","page","type-page","status-publish","hentry"],"_links":{"self":[{"href":"https:\/\/www.madacclima.com\/es\/wp-json\/wp\/v2\/pages\/1578","targetHints":{"allow":["GET"]}}],"collection":[{"href":"https:\/\/www.madacclima.com\/es\/wp-json\/wp\/v2\/pages"}],"about":[{"href":"https:\/\/www.madacclima.com\/es\/wp-json\/wp\/v2\/types\/page"}],"author":[{"embeddable":true,"href":"https:\/\/www.madacclima.com\/es\/wp-json\/wp\/v2\/users\/1"}],"replies":[{"embeddable":true,"href":"https:\/\/www.madacclima.com\/es\/wp-json\/wp\/v2\/comments?post=1578"}],"version-history":[{"count":1,"href":"https:\/\/www.madacclima.com\/es\/wp-json\/wp\/v2\/pages\/1578\/revisions"}],"predecessor-version":[{"id":1579,"href":"https:\/\/www.madacclima.com\/es\/wp-json\/wp\/v2\/pages\/1578\/revisions\/1579"}],"wp:attachment":[{"href":"https:\/\/www.madacclima.com\/es\/wp-json\/wp\/v2\/media?parent=1578"}],"curies":[{"name":"wp","href":"https:\/\/api.w.org\/{rel}","templated":true}]}}