{"id":1450,"date":"2020-03-17T10:26:13","date_gmt":"2020-03-17T10:26:13","guid":{"rendered":"https:\/\/www.madacclima.com\/?page_id=1450"},"modified":"2022-03-08T10:12:41","modified_gmt":"2022-03-08T10:12:41","slug":"mantenimiento-aire-acondicionado","status":"publish","type":"page","link":"https:\/\/www.madacclima.com\/es\/mantenimiento-aire-acondicionado\/","title":{"rendered":"Mantenimiento aire acondicionado"},"content":{"rendered":"<div class=\"wpb-content-wrapper\"><p>[vc_row css_animation=\u00bb\u00bb row_type=\u00bbrow\u00bb use_row_as_full_screen_section=\u00bbno\u00bb type=\u00bbfull_width\u00bb angled_section=\u00bbno\u00bb text_align=\u00bbleft\u00bb background_image_as_pattern=\u00bbwithout_pattern\u00bb][vc_column][vc_raw_js]JTNDc2NyaXB0JTNFJTBBJTIwJTIwZ3RhZyUyOCUyN2NvbmZpZyUyNyUyQyUyMCUyN0FXLTk0NzAzMTg2MiUyRnBPLTZDTGo1c3FjREVMYWV5c01EJTI3JTJDJTIwJTdCJTBBJTIwJTIwJTIwJTIwJTI3cGhvbmVfY29udmVyc2lvbl9udW1iZXIlMjclM0ElMjAlMjc5MyUyMDgxMCUyMDIyJTIwOTclMjclMEElMjAlMjAlN0QlMjklM0IlMEElM0MlMkZzY3JpcHQlM0U=[\/vc_raw_js][\/vc_column][\/vc_row][vc_row css_animation=\u00bb\u00bb row_type=\u00bbrow\u00bb use_row_as_full_screen_section=\u00bbno\u00bb type=\u00bbfull_width\u00bb angled_section=\u00bbno\u00bb text_align=\u00bbleft\u00bb background_image_as_pattern=\u00bbwithout_pattern\u00bb][vc_column width=\u00bb2\/3&#8243;][vc_empty_space][vc_column_text]<\/p>\n<h1>Mantenimiento aire acondicionado<\/h1>\n<p>[\/vc_column_text][vc_column_text]Se acaba el verano, ya no lo usamos pr\u00e1cticamente ning\u00fan d\u00eda, pensamos que todo va bien y, de repente, llega de nuevo el calor y nos encontramos que el aire acondicionado ya no funciona. Los aparatos de refrigeraci\u00f3n, como cualquier otra instalaci\u00f3n del hogar, necesitan revisiones peri\u00f3dicas que garanticen su buen estado de salud y que prevengan posibles aver\u00edas que salgan caras de arreglar.<\/p>\n<p>Si sospecha que su equipo no est\u00e1 funcionando correctamente, deje que Madac le supervise la instalaci\u00f3n y verifique su rendimiento. Fugas de refrigerante, obstrucciones en las salidas, limpieza de los filtros y del desag\u00fce &#8230; <strong>Nuestros t\u00e9cnicos especializados se encargan de ofrecer un servicio completo y exhaustivo para resolver o prevenir cualquier tipo de anomal\u00eda en su aparato de aire acondicionado.<\/strong><\/p>\n<p>El art\u00edculo 15 del Reglamento de Instalaciones T\u00e9rmicas de los Edificios (RITE) indica que las instalaciones \u2022 instalaciones t\u00e9rmicas deben mantener, en el caso de los hogares, cada 4 a\u00f1os si se trata de 12 kW o menos, cada 2 a\u00f1os si es entre 12 y 70 Kw y cada m\u00e1s en los casos de m\u00e1s de 70 Kw. Seguir la ley no s\u00f3lo evita posibles sanciones econ\u00f3micas por parte de la administraci\u00f3n, sino que es la mejor garant\u00eda de aprovechamiento de su aire acondicionado.<\/p>\n<p>Y, todo ello, aprovechando al m\u00e1ximo su instalaci\u00f3n existente, sin a\u00f1adirle costes extra que no est\u00e9n espec\u00edficamente justificados. S\u00f3lo le recomendamos la sustituci\u00f3n de sus aparatos si nuestra auditor\u00eda inicial confirma que su sistema o aparato ya no se adaptan suficientemente a la normativa vigente. Y, en caso de ser as\u00ed, s\u00f3lo trabajamos con versiones originales y primeras marcas de fabricantes l\u00edderes, como Panasonic. Los m\u00e1ximos est\u00e1ndar de calidad, combinados con los precios m\u00e1s competitivos.<\/p>\n<p>P\u00eddanos informaci\u00f3n sin ning\u00fan tipo de compromiso y le asesoraremos en todo lo que necesite. Tenemos las oficinas centrales en <strong>Sitges y en Vilafranca del Pened\u00e8s, pero abarcamos todo el Garraf, Alt Pened\u00e8s y el Baix Pened\u00e8s. M\u00e1s de 6.000 clientes del territorio ya conf\u00edan nosotros.<\/strong> Si se trata de un aire acondicionado que no d\u00e9 problemas, conf\u00ede su mantenimiento a Madac.[\/vc_column_text][vc_empty_space][vc_single_image image=\u00bb591&#8243; img_size=\u00bbfull\u00bb alignment=\u00bbcenter\u00bb qode_css_animation=\u00bb\u00bb][vc_empty_space height=\u00bb50px\u00bb][vc_column_text]Somos la empresa con m\u00e1s bagaje y podemos garantizarle profesionalidad y experiencia en el sector.<\/p>\n<p>MADAC, Instalaciones<br \/>\n08870 Sitges, Barcelona,<br \/>\nAvda. de las Flores 4\u00a0Bxos.<br \/>\nTel\u00e9fono: <a href=\"tel:+348102297\">93 810 22 97<\/a><br \/>\nFAX: 93 894 00 42<br \/>\nE-mail:\u00a0<a href=\"mailto:madacclima@madacclima.com\">madacclima@madacclima.com<\/a><\/p>\n<p>Nuestro horario de atenci\u00f3n al p\u00fablico es de <strong>lunes a viernes, de 9 a 13:30h y de 15 a 17:30h<\/strong>. En caso de una urgencia, d\u00e9jenos un mensaje a nuestro contestador y le llamaremos lo antes posible.[\/vc_column_text][vc_empty_space height=\u00bb50px\u00bb][\/vc_column][vc_column width=\u00bb1\/3&#8243;][vc_widget_sidebar sidebar_id=\u00bbsidebar\u00bb][\/vc_column][\/vc_row]<\/p>\n<\/div>","protected":false},"excerpt":{"rendered":"<p>[vc_row css_animation=\u00bb\u00bb row_type=\u00bbrow\u00bb use_row_as_full_screen_section=\u00bbno\u00bb type=\u00bbfull_width\u00bb angled_section=\u00bbno\u00bb text_align=\u00bbleft\u00bb background_image_as_pattern=\u00bbwithout_pattern\u00bb][vc_column][vc_raw_js]JTNDc2NyaXB0JTNFJTBBJTIwJTIwZ3RhZyUyOCUyN2NvbmZpZyUyNyUyQyUyMCUyN0FXLTk0NzAzMTg2MiUyRnBPLTZDTGo1c3FjREVMYWV5c01EJTI3JTJDJTIwJTdCJTBBJTIwJTIwJTIwJTIwJTI3cGhvbmVfY29udmVyc2lvbl9udW1iZXIlMjclM0ElMjAlMjc5MyUyMDgxMCUyMDIyJTIwOTclMjclMEElMjAlMjAlN0QlMjklM0IlMEElM0MlMkZzY3JpcHQlM0U=[\/vc_raw_js][\/vc_column][\/vc_row][vc_row css_animation=\u00bb\u00bb row_type=\u00bbrow\u00bb use_row_as_full_screen_section=\u00bbno\u00bb type=\u00bbfull_width\u00bb angled_section=\u00bbno\u00bb text_align=\u00bbleft\u00bb background_image_as_pattern=\u00bbwithout_pattern\u00bb][vc_column width=\u00bb2\/3&#8243;][vc_empty_space][vc_column_text] Mantenimiento aire acondicionado [\/vc_column_text][vc_column_text]Se acaba el verano, ya no lo usamos pr\u00e1cticamente ning\u00fan d\u00eda, pensamos que todo va bien y, de repente, llega de nuevo el calor y nos&#8230;<\/p>\n","protected":false},"author":1,"featured_media":0,"parent":0,"menu_order":0,"comment_status":"closed","ping_status":"closed","template":"","meta":{"footnotes":""},"class_list":["post-1450","page","type-page","status-publish","hentry"],"_links":{"self":[{"href":"https:\/\/www.madacclima.com\/es\/wp-json\/wp\/v2\/pages\/1450","targetHints":{"allow":["GET"]}}],"collection":[{"href":"https:\/\/www.madacclima.com\/es\/wp-json\/wp\/v2\/pages"}],"about":[{"href":"https:\/\/www.madacclima.com\/es\/wp-json\/wp\/v2\/types\/page"}],"author":[{"embeddable":true,"href":"https:\/\/www.madacclima.com\/es\/wp-json\/wp\/v2\/users\/1"}],"replies":[{"embeddable":true,"href":"https:\/\/www.madacclima.com\/es\/wp-json\/wp\/v2\/comments?post=1450"}],"version-history":[{"count":6,"href":"https:\/\/www.madacclima.com\/es\/wp-json\/wp\/v2\/pages\/1450\/revisions"}],"predecessor-version":[{"id":1919,"href":"https:\/\/www.madacclima.com\/es\/wp-json\/wp\/v2\/pages\/1450\/revisions\/1919"}],"wp:attachment":[{"href":"https:\/\/www.madacclima.com\/es\/wp-json\/wp\/v2\/media?parent=1450"}],"curies":[{"name":"wp","href":"https:\/\/api.w.org\/{rel}","templated":true}]}}