{"id":1444,"date":"2020-03-17T10:11:24","date_gmt":"2020-03-17T10:11:24","guid":{"rendered":"https:\/\/www.madacclima.com\/?page_id=1444"},"modified":"2022-03-08T10:11:08","modified_gmt":"2022-03-08T10:11:08","slug":"mantenimiento-de-calefaccion","status":"publish","type":"page","link":"https:\/\/www.madacclima.com\/es\/mantenimiento-de-calefaccion\/","title":{"rendered":"Mantenimiento de calefacci\u00f3n"},"content":{"rendered":"<div class=\"wpb-content-wrapper\"><p>[vc_row css_animation=\u00bb\u00bb row_type=\u00bbrow\u00bb use_row_as_full_screen_section=\u00bbno\u00bb type=\u00bbfull_width\u00bb angled_section=\u00bbno\u00bb text_align=\u00bbleft\u00bb background_image_as_pattern=\u00bbwithout_pattern\u00bb][vc_column][vc_raw_js]JTNDc2NyaXB0JTNFJTBBJTIwJTIwZ3RhZyUyOCUyN2NvbmZpZyUyNyUyQyUyMCUyN0FXLTk0NzAzMTg2MiUyRnBPLTZDTGo1c3FjREVMYWV5c01EJTI3JTJDJTIwJTdCJTBBJTIwJTIwJTIwJTIwJTI3cGhvbmVfY29udmVyc2lvbl9udW1iZXIlMjclM0ElMjAlMjc5MyUyMDgxMCUyMDIyJTIwOTclMjclMEElMjAlMjAlN0QlMjklM0IlMEElM0MlMkZzY3JpcHQlM0U=[\/vc_raw_js][\/vc_column][\/vc_row][vc_row css_animation=\u00bb\u00bb row_type=\u00bbrow\u00bb use_row_as_full_screen_section=\u00bbno\u00bb type=\u00bbfull_width\u00bb angled_section=\u00bbno\u00bb text_align=\u00bbleft\u00bb background_image_as_pattern=\u00bbwithout_pattern\u00bb][vc_column width=\u00bb2\/3&#8243;][vc_column_text]<\/p>\n<h3><\/h3>\n<h3><strong>Mantenimiento de calefacci\u00f3n<\/strong><\/h3>\n<p>Es igual qu\u00e9 tipo de calefacci\u00f3n tengamos puesta en casa o en el trabajo. Toda instalaci\u00f3n, independientemente de qu\u00e9 sistema utilice, requiere un mantenimiento preventivo. Cuidar un sistema peri\u00f3dicamente repercute de manera directa en los bolsillos de los propietarios del inmueble donde est\u00e1 instalado. Y es que el mantenimiento de la calefacci\u00f3n siempre resultar\u00e1 m\u00e1s econ\u00f3mico que su reparaci\u00f3n. <strong>Una revisi\u00f3n programada a tiempo siempre ser\u00e1 m\u00e1s barata y eficiente<\/strong> que sustituir toda la instalaci\u00f3n o encontrar algunas piezas concretas que suelen pagar a precio de oro.<\/p>\n<p><strong>Madac es la mejor soluci\u00f3n integral en materia de calefacci\u00f3n<\/strong>. <strong>Nuestro equipo t\u00e9cnico est\u00e1 integrado s\u00f3lo por operarios certificados y acreditados para manipular equipos de su instalaci\u00f3n<\/strong>. En caso de urgencia, est\u00e1n activos siempre que los necesites. Y somos agentes colaboradores de Uni\u00f3n Fenosa (ahora Naturgy), de tal manera que podemos asumir cualquier tipo de revisi\u00f3n obligatoria que fije la ley o las grandes empresas del sector. La ley actual estipula que las revisiones de mantenimiento se realizar\u00e1n cada dos a\u00f1os en las calderas de gas, anualmente en las calderas de gasoil, seg\u00fan el fabricante en las calderas el\u00e9ctricas, cada dos a\u00f1os a\u00f1os los radiadores y las bombas de calor.<\/p>\n<p>En caso de nuevas instalaciones o de repuestos, s\u00f3lo trabajamos con versiones originales y primeras marcas de fabricantes l\u00edderes (Viessman, Hacer y otros &#8230;). Y siempre combinamos tan como podemos los m\u00e1ximos est\u00e1ndar de calidad con los precios m\u00e1s competitivos. Ruidos en los radiadores, apagones involuntarias, obstrucciones en las tuber\u00edas, el caudal o la presi\u00f3n del agua, el vaso de expansi\u00f3n &#8230; cualquier tipo de aver\u00eda puede ser resuelta por nuestros trabajadores. Y tanto en calderas con gas natural como en termos el\u00e9ctricos o sistemas de condensaci\u00f3n.<\/p>\n<p><strong>Nos lo revisamos todo: obstrucciones del suministro de gas al filtro, fugas de agua, p\u00e9rdidas de presi\u00f3n en las v\u00e1lvulas, regulaci\u00f3n de la temperatura, ruidos extra\u00f1os en el circuito interno.<\/strong> Todo ello, para cada cliente pueda aprovechar al m\u00e1ximo su sistema de calefacci\u00f3n sin ning\u00fan imprevisto econ\u00f3mico.<\/p>\n<p>En caso de nuevas instalaciones o de repuestos, s\u00f3lo trabajamos con versiones originales y primeras marcas de fabricantes l\u00edderes (Viessman, Hacer y otros &#8230;). Y siempre combinamos tan como podemos los m\u00e1ximos est\u00e1ndar de calidad con los precios m\u00e1s competitivos. <strong>Ruidos en los radiadores, apagones involuntarias, obstrucciones en las tuber\u00edas, el caudal o la presi\u00f3n del agua, el vaso de expansi\u00f3n &#8230; cualquier tipo de aver\u00eda puede ser resuelta por nuestros trabajadores.<\/strong> Y tanto en calderas con gas natural como en termos el\u00e9ctricos o sistemas de condensaci\u00f3n.<\/p>\n<p>P\u00eddanos informaci\u00f3n sin ning\u00fan tipo de compromiso y le asesoraremos en todo lo que necesite. Tenemos las oficinas centrales en <strong>Sitges y en Vilafranca del Pened\u00e8s, pero abarcamos todo el Garraf, Alt Pened\u00e8s y el Baix Pened\u00e8s<\/strong>. M\u00e1s de 6.000 clientes del territorio ya conf\u00edan nosotros. Si se trata de una calefacci\u00f3n sin problemas, la mejor opci\u00f3n es Madac.[\/vc_column_text][vc_empty_space][vc_single_image image=\u00bb1006&#8243; img_size=\u00bbfull\u00bb qode_css_animation=\u00bb\u00bb][vc_empty_space][vc_column_text]Somos la empresa con m\u00e1s bagaje y podemos garantizarle profesionalidad y experiencia en el sector.<\/p>\n<p>MADAC, Instalaciones<br \/>\n08870 Sitges, Barcelona,<br \/>\nAvda. de las Flores 4\u00a0Bxos.<br \/>\nTel\u00e9fono: <a href=\"tel:+348102297\">93 810 22 97<\/a><br \/>\nFAX: 93 894 00 42<br \/>\nE-mail:\u00a0<a href=\"mailto:madacclima@madacclima.com\">madacclima@madacclima.com<\/a><\/p>\n<p>Nuestro horario de atenci\u00f3n al p\u00fablico es de <strong>lunes a viernes, de 9 a 13:30h y de 15 a 17:30h<\/strong>. En caso de una urgencia, d\u00e9jenos un mensaje a nuestro contestador y le llamaremos lo antes posible.[\/vc_column_text][vc_empty_space][\/vc_column][vc_column width=\u00bb1\/3&#8243;][vc_widget_sidebar sidebar_id=\u00bbsidebar\u00bb][\/vc_column][\/vc_row]<\/p>\n<\/div>","protected":false},"excerpt":{"rendered":"<p>[vc_row css_animation=\u00bb\u00bb row_type=\u00bbrow\u00bb use_row_as_full_screen_section=\u00bbno\u00bb type=\u00bbfull_width\u00bb angled_section=\u00bbno\u00bb text_align=\u00bbleft\u00bb background_image_as_pattern=\u00bbwithout_pattern\u00bb][vc_column][vc_raw_js]JTNDc2NyaXB0JTNFJTBBJTIwJTIwZ3RhZyUyOCUyN2NvbmZpZyUyNyUyQyUyMCUyN0FXLTk0NzAzMTg2MiUyRnBPLTZDTGo1c3FjREVMYWV5c01EJTI3JTJDJTIwJTdCJTBBJTIwJTIwJTIwJTIwJTI3cGhvbmVfY29udmVyc2lvbl9udW1iZXIlMjclM0ElMjAlMjc5MyUyMDgxMCUyMDIyJTIwOTclMjclMEElMjAlMjAlN0QlMjklM0IlMEElM0MlMkZzY3JpcHQlM0U=[\/vc_raw_js][\/vc_column][\/vc_row][vc_row css_animation=\u00bb\u00bb row_type=\u00bbrow\u00bb use_row_as_full_screen_section=\u00bbno\u00bb type=\u00bbfull_width\u00bb angled_section=\u00bbno\u00bb text_align=\u00bbleft\u00bb background_image_as_pattern=\u00bbwithout_pattern\u00bb][vc_column width=\u00bb2\/3&#8243;][vc_column_text] Mantenimiento de calefacci\u00f3n Es igual qu\u00e9 tipo de calefacci\u00f3n tengamos puesta en casa o en el trabajo. Toda instalaci\u00f3n, independientemente de qu\u00e9 sistema utilice, requiere un mantenimiento preventivo. Cuidar&#8230;<\/p>\n","protected":false},"author":1,"featured_media":0,"parent":0,"menu_order":0,"comment_status":"closed","ping_status":"closed","template":"","meta":{"footnotes":""},"class_list":["post-1444","page","type-page","status-publish","hentry"],"_links":{"self":[{"href":"https:\/\/www.madacclima.com\/es\/wp-json\/wp\/v2\/pages\/1444","targetHints":{"allow":["GET"]}}],"collection":[{"href":"https:\/\/www.madacclima.com\/es\/wp-json\/wp\/v2\/pages"}],"about":[{"href":"https:\/\/www.madacclima.com\/es\/wp-json\/wp\/v2\/types\/page"}],"author":[{"embeddable":true,"href":"https:\/\/www.madacclima.com\/es\/wp-json\/wp\/v2\/users\/1"}],"replies":[{"embeddable":true,"href":"https:\/\/www.madacclima.com\/es\/wp-json\/wp\/v2\/comments?post=1444"}],"version-history":[{"count":8,"href":"https:\/\/www.madacclima.com\/es\/wp-json\/wp\/v2\/pages\/1444\/revisions"}],"predecessor-version":[{"id":1916,"href":"https:\/\/www.madacclima.com\/es\/wp-json\/wp\/v2\/pages\/1444\/revisions\/1916"}],"wp:attachment":[{"href":"https:\/\/www.madacclima.com\/es\/wp-json\/wp\/v2\/media?parent=1444"}],"curies":[{"name":"wp","href":"https:\/\/api.w.org\/{rel}","templated":true}]}}