{"id":1439,"date":"2020-03-17T10:04:59","date_gmt":"2020-03-17T10:04:59","guid":{"rendered":"https:\/\/www.madacclima.com\/?page_id=1439"},"modified":"2022-03-08T10:18:22","modified_gmt":"2022-03-08T10:18:22","slug":"mantenimiento-energias-renovables","status":"publish","type":"page","link":"https:\/\/www.madacclima.com\/es\/mantenimiento-energias-renovables\/","title":{"rendered":"Mantenimiento energ\u00edas renovables"},"content":{"rendered":"<div class=\"wpb-content-wrapper\"><p>[vc_row css_animation=\u00bb\u00bb row_type=\u00bbrow\u00bb use_row_as_full_screen_section=\u00bbno\u00bb type=\u00bbfull_width\u00bb angled_section=\u00bbno\u00bb text_align=\u00bbleft\u00bb background_image_as_pattern=\u00bbwithout_pattern\u00bb][vc_column][vc_raw_js]JTNDc2NyaXB0JTNFJTBBJTIwJTIwZ3RhZyUyOCUyN2NvbmZpZyUyNyUyQyUyMCUyN0FXLTk0NzAzMTg2MiUyRnBPLTZDTGo1c3FjREVMYWV5c01EJTI3JTJDJTIwJTdCJTBBJTIwJTIwJTIwJTIwJTI3cGhvbmVfY29udmVyc2lvbl9udW1iZXIlMjclM0ElMjAlMjc5MyUyMDgxMCUyMDIyJTIwOTclMjclMEElMjAlMjAlN0QlMjklM0IlMEElM0MlMkZzY3JpcHQlM0U=[\/vc_raw_js][\/vc_column][\/vc_row][vc_row css_animation=\u00bb\u00bb row_type=\u00bbrow\u00bb use_row_as_full_screen_section=\u00bbno\u00bb type=\u00bbfull_width\u00bb angled_section=\u00bbno\u00bb text_align=\u00bbleft\u00bb background_image_as_pattern=\u00bbwithout_pattern\u00bb][vc_column width=\u00bb2\/3&#8243;][vc_column_text]<\/p>\n<h1>Mantenimiento energ\u00edas renovables<\/h1>\n<p>[\/vc_column_text][vc_empty_space][vc_column_text]Las energ\u00edas renovables ya son una opci\u00f3n de presente. No s\u00f3lo son m\u00e1s respetuosas con el medio ambiente, sino que tambi\u00e9n acaban siendo m\u00e1s econ\u00f3micas. La conciencia medioambiental ha incrementado sustancialmente en los \u00faltimos a\u00f1os. Muchas personas han comenzado a apostar por las energ\u00edas alternativas y renovables. Los coches h\u00edbridos o el\u00e9ctricos van a la cabeza, pero cada vez hay m\u00e1s hogares que apuntan al consumo verde.<\/p>\n<p>Energ\u00eda termosolar para calentar el agua, biomasa para la calefacci\u00f3n, energ\u00eda fotovoltaica para producir electricidad, energ\u00eda e\u00f3lica para uso dom\u00e9stico, bater\u00edas a un precio razonable para almacenar la energ\u00eda&#8230; son algunos ejemplos del uso de energ\u00edas renovables en las casas. Pero, para que estas instalaciones sean realmente m\u00e1s rentables a nivel econ\u00f3mico, hay un mantenimiento peri\u00f3dico preventivo que se anticipe a su deterioro.<\/p>\n<p><strong>En Madac somos instaladores de aparatos energ\u00edas ecol\u00f3gicas y tambi\u00e9n somos especialistas en su reparaci\u00f3n o adaptaci\u00f3n.<\/strong> Nuestra sensibilidad ambiental nos permite conocer todas las posibilidades de mantenimiento, ofreciendo siempre la opci\u00f3n que mejor encaje con cada cliente.<\/p>\n<p>El equipo t\u00e9cnico de Madac est\u00e1 integrado por trabajadores certificados y acreditados para manipular equipos de su instalaci\u00f3n y, en caso de urgencia, est\u00e1n activos siempre que los necesites. Precisamente, porque creemos en unas energ\u00edas m\u00e1s responsables con el entorno, nuestra filosof\u00eda se basa en el m\u00e1ximo aprovechamiento de su instalaci\u00f3n\u00a0 existente, sin a\u00f1adirle costes extra que no est\u00e9n espec\u00edficamente justificados. <strong>S\u00f3lo le recomendamos la sustituci\u00f3n de sus aparatos si nuestra auditor\u00eda inicial confirma que su sistema ya no rinde<\/strong>. En este caso, se le entrega una valoraci\u00f3n de la adaptaci\u00f3n donde ya indica las modificaciones m\u00e1s relevantes que deber\u00edan efectuar la instalaci\u00f3n.<\/p>\n<p>En Madac s\u00f3lo trabajamos con versiones originales y primeras marcas de fabricantes l\u00edderes. Y cumplimos siempre todos los est\u00e1ndares de calidad y de acreditaciones ambientales. Instalar energ\u00edas renovables no hab\u00eda sido tan f\u00e1cil. Prevenir es ahorrar. Tambi\u00e9n en el caso de las energ\u00edas renovables.<\/p>\n<p>Ya sea para un domicilio particular, para una empresa o para un equipamiento de gran tama\u00f1o, p\u00eddanos informaci\u00f3n sin ning\u00fan tipo de compromiso y le asesoraremos en todo lo que necesite. Nuestras oficinas est\u00e1n ubicadas en <strong>Sitges y en Vilafranca del Pened\u00e8s, pero trabajamos para todo el Garraf, Alt Pened\u00e8s y el Baix Pened\u00e8s<\/strong>. <strong>M\u00e1s de 6.000 clientes del territorio ya conf\u00edan nosotros<\/strong>. El mejor sello de calidad para las instalaciones ecol\u00f3gicas es el de Madac.[\/vc_column_text][vc_empty_space][vc_single_image image=\u00bb562&#8243; img_size=\u00bbfull\u00bb alignment=\u00bbcenter\u00bb qode_css_animation=\u00bb\u00bb][vc_empty_space height=\u00bb50px\u00bb][vc_column_text]Somos la empresa con m\u00e1s bagaje y podemos garantizarle profesionalidad y experiencia en el sector.<\/p>\n<p>MADAC, Instalaciones<br \/>\n08870 Sitges, Barcelona,<br \/>\nAvda. de las Flores 4\u00a0Bxos.<br \/>\nTel\u00e9fono: <a href=\"tel:+348102297\">93 810 22 97<\/a><br \/>\nFAX: 93 894 00 42<br \/>\nE-mail:\u00a0<a href=\"mailto:madacclima@madacclima.com\">madacclima@madacclima.com<\/a><\/p>\n<p>Nuestro horario de atenci\u00f3n al p\u00fablico es de <strong>lunes a viernes, de 9 a 13:30h y de 15 a 17:30h<\/strong>. En caso de una urgencia, d\u00e9jenos un mensaje a nuestro contestador y le llamaremos lo antes posible.[\/vc_column_text][\/vc_column][vc_column width=\u00bb1\/3&#8243;][vc_widget_sidebar sidebar_id=\u00bbsidebar\u00bb][\/vc_column][\/vc_row]<\/p>\n<\/div>","protected":false},"excerpt":{"rendered":"<p>[vc_row css_animation=\u00bb\u00bb row_type=\u00bbrow\u00bb use_row_as_full_screen_section=\u00bbno\u00bb type=\u00bbfull_width\u00bb angled_section=\u00bbno\u00bb text_align=\u00bbleft\u00bb background_image_as_pattern=\u00bbwithout_pattern\u00bb][vc_column][vc_raw_js]JTNDc2NyaXB0JTNFJTBBJTIwJTIwZ3RhZyUyOCUyN2NvbmZpZyUyNyUyQyUyMCUyN0FXLTk0NzAzMTg2MiUyRnBPLTZDTGo1c3FjREVMYWV5c01EJTI3JTJDJTIwJTdCJTBBJTIwJTIwJTIwJTIwJTI3cGhvbmVfY29udmVyc2lvbl9udW1iZXIlMjclM0ElMjAlMjc5MyUyMDgxMCUyMDIyJTIwOTclMjclMEElMjAlMjAlN0QlMjklM0IlMEElM0MlMkZzY3JpcHQlM0U=[\/vc_raw_js][\/vc_column][\/vc_row][vc_row css_animation=\u00bb\u00bb row_type=\u00bbrow\u00bb use_row_as_full_screen_section=\u00bbno\u00bb type=\u00bbfull_width\u00bb angled_section=\u00bbno\u00bb text_align=\u00bbleft\u00bb background_image_as_pattern=\u00bbwithout_pattern\u00bb][vc_column width=\u00bb2\/3&#8243;][vc_column_text] Mantenimiento energ\u00edas renovables [\/vc_column_text][vc_empty_space][vc_column_text]Las energ\u00edas renovables ya son una opci\u00f3n de presente. No s\u00f3lo son m\u00e1s respetuosas con el medio ambiente, sino que tambi\u00e9n acaban siendo m\u00e1s econ\u00f3micas. La&#8230;<\/p>\n","protected":false},"author":1,"featured_media":0,"parent":0,"menu_order":0,"comment_status":"closed","ping_status":"closed","template":"","meta":{"footnotes":""},"class_list":["post-1439","page","type-page","status-publish","hentry"],"_links":{"self":[{"href":"https:\/\/www.madacclima.com\/es\/wp-json\/wp\/v2\/pages\/1439","targetHints":{"allow":["GET"]}}],"collection":[{"href":"https:\/\/www.madacclima.com\/es\/wp-json\/wp\/v2\/pages"}],"about":[{"href":"https:\/\/www.madacclima.com\/es\/wp-json\/wp\/v2\/types\/page"}],"author":[{"embeddable":true,"href":"https:\/\/www.madacclima.com\/es\/wp-json\/wp\/v2\/users\/1"}],"replies":[{"embeddable":true,"href":"https:\/\/www.madacclima.com\/es\/wp-json\/wp\/v2\/comments?post=1439"}],"version-history":[{"count":5,"href":"https:\/\/www.madacclima.com\/es\/wp-json\/wp\/v2\/pages\/1439\/revisions"}],"predecessor-version":[{"id":1927,"href":"https:\/\/www.madacclima.com\/es\/wp-json\/wp\/v2\/pages\/1439\/revisions\/1927"}],"wp:attachment":[{"href":"https:\/\/www.madacclima.com\/es\/wp-json\/wp\/v2\/media?parent=1439"}],"curies":[{"name":"wp","href":"https:\/\/api.w.org\/{rel}","templated":true}]}}