{"id":1342,"date":"2019-10-09T07:50:07","date_gmt":"2019-10-09T07:50:07","guid":{"rendered":"https:\/\/www.madacclima.com\/?page_id=1342"},"modified":"2019-10-09T07:50:07","modified_gmt":"2019-10-09T07:50:07","slug":"instalacion-descalcificador-y-osmosis-sant-pere-de-ribes","status":"publish","type":"page","link":"https:\/\/www.madacclima.com\/es\/instalacion-descalcificador-y-osmosis-sant-pere-de-ribes\/","title":{"rendered":"Instalaci\u00f3n descalcificador y osmosis Sant Pere de Ribes"},"content":{"rendered":"<div class=\"wpb-content-wrapper\"><p>[vc_row css_animation=\u00bb\u00bb row_type=\u00bbrow\u00bb use_row_as_full_screen_section=\u00bbno\u00bb type=\u00bbgrid\u00bb angled_section=\u00bbno\u00bb text_align=\u00bbleft\u00bb background_image_as_pattern=\u00bbwithout_pattern\u00bb css=\u00bb.vc_custom_1523268378652{background-position: center !important;background-repeat: no-repeat !important;background-size: contain !important;}\u00bb z_index=\u00bb\u00bb][vc_column width=\u00bb2\/3&#8243;][vc_empty_space height=\u00bb64px\u00bb][vc_column_text]<\/p>\n<h1 style=\"font-size: 35px;\">INSTALACI\u00d3N DESCALCIFICADOR Y \u00d3SMOSIS Sant Pere de Ribes<\/h1>\n<p>[\/vc_column_text][vc_empty_space height=\u00bb43px\u00bb][vc_column_text]<\/p>\n<h2 style=\"font-size: 25px;\">SERVICIO DE INSTALACI\u00d3N DE DESCALCIFICADOR Y OSMOSIS EN Sant Pere de Ribes<\/h2>\n<p>[\/vc_column_text][vc_empty_space height=\u00bb43px\u00bb][vc_single_image image=\u00bb1051&#8243; img_size=\u00bbfull\u00bb qode_css_animation=\u00bb\u00bb][vc_empty_space height=\u00bb23px\u00bb][vc_column_text]<\/p>\n<div class=\"wpb_text_column wpb_content_element \">\n<div class=\"wpb_wrapper\">\n<p>MADAC CLIMA, empresa de instalaci\u00f3n de descalcificador y osmosis con oficinas en Sitges y Vilafranca del Pened\u00e8s, dispone de t\u00e9cnicos especialistas que se desplazan hasta Sant Pere de Ribes, para ofrecer el servicio de instalaci\u00f3n de descalcificador y osmosis ofreciendo la m\u00e1xima calidad y el mejor servicio.<\/p>\n<p>&nbsp;<\/p>\n<p>Despu\u00e9s de nuestra larga trayectoria de m\u00e1s de 50 a\u00f1os en el sector, y con el apoyo de nuestros partners y fabricantes como \u201cHacer, Visesman\u201d podemos ofrecer diferentes tipos de instalaciones parar sus instalaciones de descalcificador y \u00f3smosis en Sant Pere de Ribes.<\/p>\n<p>&nbsp;<\/p>\n<p>Instalamos todo tipo de instalaciones de descalcificador y \u00f3smosis en Sant Pere de Ribes. Instalando cualquier elemento de su instalaci\u00f3n de descalcificador y osmosis, as\u00ed como tuber\u00edas, los ba\u00f1os, las cocinas, los extractores y campanas o los contadores de agua y gas y cualquier otro sistema que tenga que ver con la descalcificador y \u00f3smosis.<\/p>\n<p>&nbsp;<\/p>\n<p>Nuestras instalaciones son un servicio integral donde asesorar y mantenemos todas sus instalaciones de tuber\u00edas, grifos y todos sus elementos.<\/p>\n<p>&nbsp;<\/p>\n<p>Asimismo solucionamos todo lo referente a:<\/p>\n<ul>\n<li>Instalaci\u00f3n de aparatos de descalcificador y osmosis.<\/li>\n<li>Mantenimiento de descalcificador y osmosis.<\/li>\n<li>Nuevas instalaciones de descalcificador y osmosis.<\/li>\n<\/ul>\n<p>&nbsp;<\/p>\n<p>Adem\u00e1s de estos servicios disponemos de muchos otros servicios en Sant Pere de Ribes como la instalaci\u00f3n de descalcificador y osmosis, instalaci\u00f3n de filtros de \u00f3smosis, mantenimiento de tuber\u00edas, instalaci\u00f3n de electrodom\u00e9sticos del hogar y su mantenimiento.<\/p>\n<\/div>\n<\/div>\n<p>[\/vc_column_text][vc_empty_space height=\u00bb23px\u00bb][vc_column_text]<\/p>\n<div class=\"wpb_text_column wpb_content_element \">\n<div class=\"wpb_wrapper\">\n<h4><strong>Si necesita cualquier consulta sobre servicios de instalaci\u00f3n de descalcificador y \u00f3smosis en Sant Pere de Ribes, presupuesto o servicio de instalaci\u00f3n o mantenimiento de descalcificador y \u00f3smosis en Sant Pere de Ribes, p\u00f3ngase en contacto con nosotros, mediante este sencillo formulario.<\/strong><\/h4>\n<\/div>\n<\/div>\n<p>[\/vc_column_text][vc_empty_space height=\u00bb23px\u00bb]\n<div class=\"wpcf7 no-js\" id=\"wpcf7-f512-o1\" lang=\"ca\" dir=\"ltr\" data-wpcf7-id=\"512\">\n<div class=\"screen-reader-response\"><p role=\"status\" aria-live=\"polite\" aria-atomic=\"true\"><\/p> <ul><\/ul><\/div>\n<form action=\"\/es\/wp-json\/wp\/v2\/pages\/1342#wpcf7-f512-o1\" method=\"post\" class=\"wpcf7-form init default\" aria-label=\"Formulari de contacte\" novalidate=\"novalidate\" data-status=\"init\">\n<fieldset class=\"hidden-fields-container\"><input type=\"hidden\" name=\"_wpcf7\" value=\"512\" \/><input type=\"hidden\" name=\"_wpcf7_version\" value=\"6.1.5\" \/><input type=\"hidden\" name=\"_wpcf7_locale\" value=\"ca\" \/><input type=\"hidden\" name=\"_wpcf7_unit_tag\" value=\"wpcf7-f512-o1\" \/><input type=\"hidden\" name=\"_wpcf7_container_post\" value=\"0\" \/><input type=\"hidden\" name=\"_wpcf7_posted_data_hash\" value=\"\" \/>\n<\/fieldset>\n<p><label> <span class=\"wpcf7-form-control-wrap\" data-name=\"your-name\"><input size=\"40\" maxlength=\"400\" class=\"wpcf7-form-control wpcf7-text wpcf7-validates-as-required\" aria-required=\"true\" aria-invalid=\"false\" placeholder=\"Nombre\" value=\"\" type=\"text\" name=\"your-name\" \/><\/span> <\/label>\n<\/p>\n<p><label> <span class=\"wpcf7-form-control-wrap\" data-name=\"your-email\"><input size=\"40\" maxlength=\"400\" class=\"wpcf7-form-control wpcf7-email wpcf7-validates-as-required wpcf7-text wpcf7-validates-as-email\" aria-required=\"true\" aria-invalid=\"false\" placeholder=\"Email\" value=\"\" type=\"email\" name=\"your-email\" \/><\/span> <\/label>\n<\/p>\n<p><label> <span class=\"wpcf7-form-control-wrap\" data-name=\"your-tel\"><input size=\"40\" maxlength=\"400\" class=\"wpcf7-form-control wpcf7-text\" aria-invalid=\"false\" placeholder=\"Tel\u00e9fono\" value=\"\" type=\"text\" name=\"your-tel\" \/><\/span> <\/label>\n<\/p>\n<p><label> <span class=\"wpcf7-form-control-wrap\" data-name=\"your-message\"><textarea cols=\"40\" rows=\"10\" maxlength=\"2000\" class=\"wpcf7-form-control wpcf7-textarea\" aria-invalid=\"false\" placeholder=\"Mensaje\" name=\"your-message\"><\/textarea><\/span> <\/label>\n<\/p>\n<p><span class=\"wpcf7-form-control-wrap\" data-name=\"acceptance-51\"><span class=\"wpcf7-form-control wpcf7-acceptance\"><span class=\"wpcf7-list-item\"><input type=\"checkbox\" name=\"acceptance-51\" value=\"1\" aria-invalid=\"false\" \/><\/span><\/span><\/span> He leido y acepto la <a target=\"_blank\" href=\"https:\/\/www.madacclima.com\/es\/aviso-legal\/\">Pol\u00edtica de privacidad<\/a>\n<\/p>\n<p><input class=\"wpcf7-form-control wpcf7-submit has-spinner\" type=\"submit\" value=\"Enviar\" \/>\n<\/p><div class=\"wpcf7-response-output\" aria-hidden=\"true\"><\/div>\n<\/form>\n<\/div>\n[vc_empty_space height=\u00bb23px\u00bb][vc_column_text]Madac Clima realiza un continuo mantenimiento de descalcificador y \u00f3smosis en Sant Pere de Ribes y cuando nuestros t\u00e9cnicos en sistemas de descalcificador y osmosis ven que el descalcificador y osmosis no funciona correctamente gestionan la instalaci\u00f3n de descalcificador y osmosis cambiando los materiales que sean necesarios para solucionar el problema lo m\u00e1s r\u00e1pido posible, tanto para empresas, locales y particulares mejorando el rendimiento de las viviendas o locales con descalcificador y \u00f3smosis en Sant Pere de Ribes, as\u00ed como la instalaci\u00f3n de los tuber\u00edas que suelen tener perdidas o fugas molestas no permitiendo ahorrar en el gasto de la descalcificador y osmosis y aumentando en el consumo de agua.<\/p>\n<p>&nbsp;<\/p>\n<p>La falta de mantenimiento de descalcificador y \u00f3smosis en Sant Pere de Ribes y del del circuito de descalcificador y osmosis supone hasta un 10% m\u00e1s de consumo de agua para las instalaciones de descalcificador y \u00f3smosis en Sant Pere de Ribes.<\/p>\n<p>&nbsp;<\/p>\n<h4>Consejos para mantener un buen estado de la descalcificador y \u00f3smosis en Sant Pere de Ribes:<\/h4>\n<ul>\n<li>Comprueba que la grifo de descalcificador y osmosis no tenga p\u00e9rdidas.<\/li>\n<li>Aseg\u00farate de que la presi\u00f3n del dep\u00f3sito de descalcificador y \u00f3smosis es el adecuado.<\/li>\n<li>Comprueba que todos los filtros de tu descalcificador y osmosis se cambien anualmente.<\/li>\n<li>Purga los dep\u00f3sito del descalcificador y \u00f3smosis 3 veces despu\u00e9s del cambio de filtros.<\/li>\n<li>Con estos sencillos cinco consejos, mantendr\u00e1s tu descalcificador y osmosis totalmente operativa.<\/li>\n<\/ul>\n<p>&nbsp;<\/p>\n<p>Si tienes cualquier duda o necesitas reparar tu descalcificador y \u00f3smosis en Sant Pere de Ribes contacta con Madac Clima. Aunque estamos en Sitges y Vilafranca del Pened\u00e8s, nos desplazamos a realizar el mantenimiento de descalcificador y \u00f3smosis en Sant Pere de Ribes sin dudarlo.[\/vc_column_text][vc_empty_space height=\u00bb64px\u00bb][\/vc_column][vc_column width=\u00bb1\/3&#8243;][vc_empty_space height=\u00bb64px\u00bb][vc_widget_sidebar sidebar_id=\u00bbsidebar\u00bb][vc_empty_space height=\u00bb64px\u00bb][\/vc_column][\/vc_row]<\/p>\n<\/div>","protected":false},"excerpt":{"rendered":"<p>[vc_row css_animation=\u00bb\u00bb row_type=\u00bbrow\u00bb use_row_as_full_screen_section=\u00bbno\u00bb type=\u00bbgrid\u00bb angled_section=\u00bbno\u00bb text_align=\u00bbleft\u00bb background_image_as_pattern=\u00bbwithout_pattern\u00bb css=\u00bb.vc_custom_1523268378652{background-position: center !important;background-repeat: no-repeat !important;background-size: contain !important;}\u00bb z_index=\u00bb\u00bb][vc_column width=\u00bb2\/3&#8243;][vc_empty_space height=\u00bb64px\u00bb][vc_column_text] INSTALACI\u00d3N DESCALCIFICADOR Y \u00d3SMOSIS Sant Pere de Ribes [\/vc_column_text][vc_empty_space height=\u00bb43px\u00bb][vc_column_text] SERVICIO DE INSTALACI\u00d3N DE DESCALCIFICADOR Y OSMOSIS EN Sant Pere de Ribes [\/vc_column_text][vc_empty_space height=\u00bb43px\u00bb][vc_single_image image=\u00bb1051&#8243; img_size=\u00bbfull\u00bb qode_css_animation=\u00bb\u00bb][vc_empty_space&#8230;<\/p>\n","protected":false},"author":1,"featured_media":0,"parent":0,"menu_order":0,"comment_status":"closed","ping_status":"closed","template":"full_width.php","meta":{"footnotes":""},"class_list":["post-1342","page","type-page","status-publish","hentry"],"_links":{"self":[{"href":"https:\/\/www.madacclima.com\/es\/wp-json\/wp\/v2\/pages\/1342","targetHints":{"allow":["GET"]}}],"collection":[{"href":"https:\/\/www.madacclima.com\/es\/wp-json\/wp\/v2\/pages"}],"about":[{"href":"https:\/\/www.madacclima.com\/es\/wp-json\/wp\/v2\/types\/page"}],"author":[{"embeddable":true,"href":"https:\/\/www.madacclima.com\/es\/wp-json\/wp\/v2\/users\/1"}],"replies":[{"embeddable":true,"href":"https:\/\/www.madacclima.com\/es\/wp-json\/wp\/v2\/comments?post=1342"}],"version-history":[{"count":1,"href":"https:\/\/www.madacclima.com\/es\/wp-json\/wp\/v2\/pages\/1342\/revisions"}],"predecessor-version":[{"id":1344,"href":"https:\/\/www.madacclima.com\/es\/wp-json\/wp\/v2\/pages\/1342\/revisions\/1344"}],"wp:attachment":[{"href":"https:\/\/www.madacclima.com\/es\/wp-json\/wp\/v2\/media?parent=1342"}],"curies":[{"name":"wp","href":"https:\/\/api.w.org\/{rel}","templated":true}]}}