{"id":1314,"date":"2019-10-08T14:43:13","date_gmt":"2019-10-08T14:43:13","guid":{"rendered":"https:\/\/www.madacclima.com\/?page_id=1314"},"modified":"2022-03-08T10:05:30","modified_gmt":"2022-03-08T10:05:30","slug":"reparaciones-servicios-del-hogar","status":"publish","type":"page","link":"https:\/\/www.madacclima.com\/es\/reparaciones-servicios-del-hogar\/","title":{"rendered":"Reparaciones servicios del hogar"},"content":{"rendered":"<div class=\"wpb-content-wrapper\"><p>[vc_row css_animation=\u00bb\u00bb row_type=\u00bbrow\u00bb use_row_as_full_screen_section=\u00bbno\u00bb type=\u00bbfull_width\u00bb angled_section=\u00bbno\u00bb text_align=\u00bbleft\u00bb background_image_as_pattern=\u00bbwithout_pattern\u00bb][vc_column][vc_raw_js]JTNDc2NyaXB0JTNFJTBBJTIwJTIwZ3RhZyUyOCUyN2NvbmZpZyUyNyUyQyUyMCUyN0FXLTk0NzAzMTg2MiUyRnBPLTZDTGo1c3FjREVMYWV5c01EJTI3JTJDJTIwJTdCJTBBJTIwJTIwJTIwJTIwJTI3cGhvbmVfY29udmVyc2lvbl9udW1iZXIlMjclM0ElMjAlMjc5MyUyMDgxMCUyMDIyJTIwOTclMjclMEElMjAlMjAlN0QlMjklM0IlMEElM0MlMkZzY3JpcHQlM0U=[\/vc_raw_js][\/vc_column][\/vc_row][vc_row css_animation=\u00bb\u00bb row_type=\u00bbrow\u00bb use_row_as_full_screen_section=\u00bbno\u00bb type=\u00bbfull_width\u00bb angled_section=\u00bbno\u00bb text_align=\u00bbleft\u00bb background_image_as_pattern=\u00bbwithout_pattern\u00bb][vc_column width=\u00bb2\/3&#8243;][vc_column_text]<\/p>\n<h3><\/h3>\n<h3>Reparaciones servicios del hogar<\/h3>\n<p>La sociedad actual nos empuja a vivir con prisas. El trabajo, los hijos, los padres &#8230; hay ocasiones en que, si no tenemos la situaci\u00f3n controlada, incluso los compromisos de ocio pueden convertirse en un dolor de cabeza. Una de las claves para aguantar este intenso ritmo de vida es que, cuando llegues a casa, encuentres tranquilidad. Que te sientas siempre c\u00f3modo. Que est\u00e9 siempre a punto.<\/p>\n<p><span class=\"tlid-translation translation\" lang=\"es\"><strong>Madac es la mejor opci\u00f3n para centralizar la reparaci\u00f3n de cualquier imprevisto de tu hogar.<\/strong> Electricidad, agua, calefacci\u00f3n, gas &#8230; Nos adaptamos a cualquier tipo de aver\u00eda de cualquier tipo de instalaci\u00f3n. Nuestro servicio t\u00e9cnico est\u00e1 integrado exclusivamente por operarios certificados y acreditados para manipular equipos del hogar. Y s\u00f3lo le recomendamos la sustituci\u00f3n de sus aparatos si nuestra auditor\u00eda inicial confirma que su sistema ya no rinde de manera \u00f3ptima o ya no cumple las normativas vigentes. En este caso, adem\u00e1s, se le entrega una valoraci\u00f3n de la adaptaci\u00f3n donde ya indica las modificaciones m\u00e1s relevantes que deber\u00edan efectuar la instalaci\u00f3n.<\/span><\/p>\n<p>El paso del tiempo y el uso cotidiano de sus estancias propicia el envejecimiento de los diferentes sistemas. Hay muchos casos en que el desgaste de las tuber\u00edas del agua, las calderas, las cerraduras de las puertas, los grifos o las ventanas se puede reparar antes de sustituirlo sin m\u00e1s.<\/p>\n<div tabindex=\"0\"><strong>Evite que diferentes profesionales le hagan diagn\u00f3sticos contradictorios entre s\u00ed y que trabajen cada uno por su cuenta sin tener en cuenta una visi\u00f3n global de la instalaci\u00f3n.<\/strong> La opci\u00f3n m\u00e1s segura es confiar en una \u00fanica empresa que le ofrezca un servicio integral y, por tanto, tambi\u00e9n m\u00e1s econ\u00f3mico.<\/div>\n<div tabindex=\"0\">\n<p>Madac es la soluci\u00f3n integral a cualquier problema del hogar. El equilibrio perfecto entre la proximidad de una empresa familiar y un servicio t\u00e9cnico polivalente y completo que no depende de las habilidades de una sola persona o de especialistas en s\u00f3lo un \u00e1rea.<strong> Desde los trabajos m\u00e1s complejos hasta las revisiones m\u00e1s cotidianas.<\/strong> Todo lo que necesite est\u00e1 a nuestro alcance.<\/p>\n<p>Tenemos las oficinas centrales en <strong>Sitges y en Vilafranca del Pened\u00e8s, pero abarcamos todo el Garraf, Alt Pened\u00e8s y el Baix Pened\u00e8s.<\/strong> M\u00e1s de 6.000 clientes del territorio ya conf\u00edan en nuestros servicios. P\u00eddanos informaci\u00f3n sin ning\u00fan tipo de compromiso y le asesoraremos en todo lo que necesite.<\/p>\n<p>Si ha invertido dinero en una propiedad, ahora podr\u00e1 ahorrarse muchos m\u00e1s confiando en nosotros. En Madac le acompa\u00f1aremos y le guiaremos en todo lo que quiera hacer. Sus instalaciones, en buenas manos.<\/p>\n<\/div>\n<p>[\/vc_column_text][vc_empty_space][vc_single_image image=\u00bb1316&#8243; img_size=\u00bbfull\u00bb qode_css_animation=\u00bb\u00bb][vc_empty_space][vc_column_text]Somos la empresa con m\u00e1s bagaje y podemos garantizarle profesionalidad y experiencia en el sector.<\/p>\n<p>MADAC, Instalaciones<br \/>\n08870 Sitges, Barcelona,<br \/>\nAvda. de las Flores 4\u00a0Bxos.<br \/>\nTel\u00e9fono: <a href=\"tel:+348102297\">93 810 22 97<\/a><br \/>\nFAX: 93 894 00 42<br \/>\nE-mail:\u00a0<a href=\"mailto:madacclima@madacclima.com\">madacclima@madacclima.com<\/a><\/p>\n<p>Nuestro horario de atenci\u00f3n al p\u00fablico es de <strong>lunes a viernes, de 9 a 13:30h y de 15 a 17:30h<\/strong>. En caso de una urgencia, d\u00e9jenos un mensaje a nuestro contestador y le llamaremos lo antes posible.[\/vc_column_text][vc_empty_space][\/vc_column][vc_column width=\u00bb1\/3&#8243;][vc_widget_sidebar sidebar_id=\u00bbsidebar\u00bb][\/vc_column][\/vc_row]<\/p>\n<\/div>","protected":false},"excerpt":{"rendered":"<p>[vc_row css_animation=\u00bb\u00bb row_type=\u00bbrow\u00bb use_row_as_full_screen_section=\u00bbno\u00bb type=\u00bbfull_width\u00bb angled_section=\u00bbno\u00bb text_align=\u00bbleft\u00bb background_image_as_pattern=\u00bbwithout_pattern\u00bb][vc_column][vc_raw_js]JTNDc2NyaXB0JTNFJTBBJTIwJTIwZ3RhZyUyOCUyN2NvbmZpZyUyNyUyQyUyMCUyN0FXLTk0NzAzMTg2MiUyRnBPLTZDTGo1c3FjREVMYWV5c01EJTI3JTJDJTIwJTdCJTBBJTIwJTIwJTIwJTIwJTI3cGhvbmVfY29udmVyc2lvbl9udW1iZXIlMjclM0ElMjAlMjc5MyUyMDgxMCUyMDIyJTIwOTclMjclMEElMjAlMjAlN0QlMjklM0IlMEElM0MlMkZzY3JpcHQlM0U=[\/vc_raw_js][\/vc_column][\/vc_row][vc_row css_animation=\u00bb\u00bb row_type=\u00bbrow\u00bb use_row_as_full_screen_section=\u00bbno\u00bb type=\u00bbfull_width\u00bb angled_section=\u00bbno\u00bb text_align=\u00bbleft\u00bb background_image_as_pattern=\u00bbwithout_pattern\u00bb][vc_column width=\u00bb2\/3&#8243;][vc_column_text] Reparaciones servicios del hogar La sociedad actual nos empuja a vivir con prisas. El trabajo, los hijos, los padres &#8230; hay ocasiones en que, si no tenemos la situaci\u00f3n&#8230;<\/p>\n","protected":false},"author":1,"featured_media":0,"parent":0,"menu_order":0,"comment_status":"closed","ping_status":"closed","template":"","meta":{"footnotes":""},"class_list":["post-1314","page","type-page","status-publish","hentry"],"_links":{"self":[{"href":"https:\/\/www.madacclima.com\/es\/wp-json\/wp\/v2\/pages\/1314","targetHints":{"allow":["GET"]}}],"collection":[{"href":"https:\/\/www.madacclima.com\/es\/wp-json\/wp\/v2\/pages"}],"about":[{"href":"https:\/\/www.madacclima.com\/es\/wp-json\/wp\/v2\/types\/page"}],"author":[{"embeddable":true,"href":"https:\/\/www.madacclima.com\/es\/wp-json\/wp\/v2\/users\/1"}],"replies":[{"embeddable":true,"href":"https:\/\/www.madacclima.com\/es\/wp-json\/wp\/v2\/comments?post=1314"}],"version-history":[{"count":3,"href":"https:\/\/www.madacclima.com\/es\/wp-json\/wp\/v2\/pages\/1314\/revisions"}],"predecessor-version":[{"id":1906,"href":"https:\/\/www.madacclima.com\/es\/wp-json\/wp\/v2\/pages\/1314\/revisions\/1906"}],"wp:attachment":[{"href":"https:\/\/www.madacclima.com\/es\/wp-json\/wp\/v2\/media?parent=1314"}],"curies":[{"name":"wp","href":"https:\/\/api.w.org\/{rel}","templated":true}]}}