{"id":1266,"date":"2019-09-09T13:40:21","date_gmt":"2019-09-09T13:40:21","guid":{"rendered":"https:\/\/www.madacclima.com\/?page_id=1266"},"modified":"2019-09-09T13:40:21","modified_gmt":"2019-09-09T13:40:21","slug":"instalacion-energias-renovables-larboc","status":"publish","type":"page","link":"https:\/\/www.madacclima.com\/es\/instalacion-energias-renovables-larboc\/","title":{"rendered":"Instalaci\u00f3n energ\u00edas renovables L\u2019arbo\u00e7"},"content":{"rendered":"<div class=\"wpb-content-wrapper\"><p>[vc_row css_animation=\u00bb\u00bb row_type=\u00bbrow\u00bb use_row_as_full_screen_section=\u00bbno\u00bb type=\u00bbgrid\u00bb angled_section=\u00bbno\u00bb text_align=\u00bbleft\u00bb background_image_as_pattern=\u00bbwithout_pattern\u00bb css=\u00bb.vc_custom_1523268378652{background-position: center !important;background-repeat: no-repeat !important;background-size: contain !important;}\u00bb z_index=\u00bb\u00bb][vc_column width=\u00bb2\/3&#8243;][vc_empty_space height=\u00bb64px\u00bb][vc_column_text]<\/p>\n<h1 style=\"font-size: 35px;\">INSTALACI\u00d3N ENERG\u00cdAS RENOVABLES L\u2019arbo\u00e7<\/h1>\n<p>[\/vc_column_text][vc_empty_space height=\u00bb43px\u00bb][vc_column_text]<\/p>\n<h2 style=\"font-size: 25px;\">SERVICIO DE INSTALACI\u00d3N DE ENERG\u00cdAS RENOVABLES L\u2019arbo\u00e7<\/h2>\n<p>[\/vc_column_text][vc_empty_space height=\u00bb43px\u00bb][vc_single_image image=\u00bb1228&#8243; img_size=\u00bbfull\u00bb qode_css_animation=\u00bb\u00bb][vc_empty_space height=\u00bb23px\u00bb][vc_column_text]MADAC CLIMA, empresa de instalaci\u00f3n de energ\u00edas renovables con oficinas en Sitges y Vilafranca del Pened\u00e8s, dispone de t\u00e9cnicos especialistas que se desplazan hasta L\u2019arbo\u00e7, para ofrecer el servicio de instalaci\u00f3n de energ\u00edas renovables ofreciendo la m\u00e1xima calidad y el mejor servicio.<\/p>\n<p>&nbsp;<\/p>\n<p>Despu\u00e9s de nuestra larga trayectoria de m\u00e1s de 50 a\u00f1os en el sector, y con el apoyo de nuestros partners y fabricantes como \u00abHacer, Visesman\u00bb podemos ofrecer diferentes tipos de instalaciones parar sus instalaciones de energ\u00edas renovables en L\u2019arbo\u00e7.<\/p>\n<p>&nbsp;<\/p>\n<p>Instalamos todo tipo de instalaciones de energ\u00edas renovables en L\u2019arbo\u00e7. Instalando cualquier elemento de su instalaci\u00f3n de energ\u00edas renovables, as\u00ed como energ\u00eda e\u00f3lica, solar, t\u00e9rmica, hidr\u00e1ulica, hidroel\u00e9ctrica, fotovoltaica, biomasa, biog\u00e1s, geot\u00e9rmica, maremotriz, biodiesel y cualquier otro sistema que tenga que ver con las energ\u00edas renovables.<\/p>\n<p>&nbsp;<\/p>\n<p>Nuestras instalaciones son un servicio integral donde asesoramos y mantenemos todas sus instalaciones de energ\u00edas renovables y todos sus elementos.<\/p>\n<p>&nbsp;<\/p>\n<p>Asimismo solucionamos todo lo referente a:<\/p>\n<ul>\n<li>Instalaci\u00f3n energ\u00edas renovables<\/li>\n<li>Instalaci\u00f3n energ\u00eda e\u00f3lica<\/li>\n<li>Mantenimiento de energ\u00edas renovables<\/li>\n<li>Nuevas instalaciones energ\u00eda e\u00f3lica<\/li>\n<\/ul>\n<p>&nbsp;<\/p>\n<p>Adem\u00e1s de estos servicios disponemos de muchos otros servicios en L\u2019arbo\u00e7 como la instalaci\u00f3n de energ\u00edas renovables, instalaci\u00f3n energ\u00eda e\u00f3lica, solar, t\u00e9rmica, hidr\u00e1ulica, hidroel\u00e9ctrica, fotovoltaica, biomasa, biog\u00e1s, geot\u00e9rmica, maremotriz, biodiesel y su mantenimiento.[\/vc_column_text][vc_empty_space height=\u00bb23px\u00bb][vc_column_text]<\/p>\n<h4><strong>Si necesita cualquier consulta sobre servicios de instalaci\u00f3n de energ\u00eda renovable en L\u2019arbo\u00e7, presupuesto o servicio de instalaci\u00f3n o mantenimiento de energ\u00eda renovable en L\u2019arbo\u00e7, p\u00f3ngase en contacto con nosotros, mediante este sencillo formulario.<br \/>\n<\/strong><\/h4>\n<p>[\/vc_column_text][vc_empty_space height=\u00bb23px\u00bb]\n<div class=\"wpcf7 no-js\" id=\"wpcf7-f504-o1\" lang=\"ca\" dir=\"ltr\" data-wpcf7-id=\"504\">\n<div class=\"screen-reader-response\"><p role=\"status\" aria-live=\"polite\" aria-atomic=\"true\"><\/p> <ul><\/ul><\/div>\n<form action=\"\/es\/wp-json\/wp\/v2\/pages\/1266#wpcf7-f504-o1\" method=\"post\" class=\"wpcf7-form init default\" aria-label=\"Formulari de contacte\" novalidate=\"novalidate\" data-status=\"init\">\n<fieldset class=\"hidden-fields-container\"><input type=\"hidden\" name=\"_wpcf7\" value=\"504\" \/><input type=\"hidden\" name=\"_wpcf7_version\" value=\"6.1.5\" \/><input type=\"hidden\" name=\"_wpcf7_locale\" value=\"ca\" \/><input type=\"hidden\" name=\"_wpcf7_unit_tag\" value=\"wpcf7-f504-o1\" \/><input type=\"hidden\" name=\"_wpcf7_container_post\" value=\"0\" \/><input type=\"hidden\" name=\"_wpcf7_posted_data_hash\" value=\"\" \/>\n<\/fieldset>\n<p><label> <span class=\"wpcf7-form-control-wrap\" data-name=\"your-name\"><input size=\"40\" maxlength=\"400\" class=\"wpcf7-form-control wpcf7-text wpcf7-validates-as-required\" aria-required=\"true\" aria-invalid=\"false\" placeholder=\"Nom\" value=\"\" type=\"text\" name=\"your-name\" \/><\/span> <\/label>\n<\/p>\n<p><label> <span class=\"wpcf7-form-control-wrap\" data-name=\"your-email\"><input size=\"40\" maxlength=\"400\" class=\"wpcf7-form-control wpcf7-email wpcf7-validates-as-required wpcf7-text wpcf7-validates-as-email\" aria-required=\"true\" aria-invalid=\"false\" placeholder=\"Email\" value=\"\" type=\"email\" name=\"your-email\" \/><\/span> <\/label>\n<\/p>\n<p><label> <span class=\"wpcf7-form-control-wrap\" data-name=\"your-tel\"><input size=\"40\" maxlength=\"400\" class=\"wpcf7-form-control wpcf7-text\" aria-invalid=\"false\" placeholder=\"Tel\u00e8fon\" value=\"\" type=\"text\" name=\"your-tel\" \/><\/span> <\/label>\n<\/p>\n<p><label> <span class=\"wpcf7-form-control-wrap\" data-name=\"your-message\"><textarea cols=\"40\" rows=\"10\" maxlength=\"2000\" class=\"wpcf7-form-control wpcf7-textarea\" aria-invalid=\"false\" placeholder=\"Missatge\" name=\"your-message\"><\/textarea><\/span> <\/label>\n<\/p>\n<p><span class=\"wpcf7-form-control-wrap\" data-name=\"acceptance-51\"><span class=\"wpcf7-form-control wpcf7-acceptance\"><span class=\"wpcf7-list-item\"><input type=\"checkbox\" name=\"acceptance-51\" value=\"1\" aria-invalid=\"false\" \/><\/span><\/span><\/span> He llegit i accepto la <a target=\"_blank\" href=\"https:\/\/www.madacclima.com\/avis-legal\/\">Pol\u00edtica de privacitat<\/a>\n<\/p>\n<p><input class=\"wpcf7-form-control wpcf7-submit has-spinner\" type=\"submit\" value=\"Enviar\" \/>\n<\/p><div class=\"wpcf7-response-output\" aria-hidden=\"true\"><\/div>\n<\/form>\n<\/div>\n[vc_empty_space height=\u00bb23px\u00bb][vc_column_text]Madac Clima realiza un continuo mantenimiento de energ\u00eda renovable en L\u2019arbo\u00e7 y cuando nuestros t\u00e9cnicos en sistemas de energ\u00eda renovable ven que la energ\u00eda renovable no funciona correctamente gestionan la instalaci\u00f3n de energ\u00eda renovable cambiando los materiales que sean necesarios para solucionar el problema lo m\u00e1s r\u00e1pido posible, tanto para empresas, locales y particulares mejorando el rendimiento de las viviendas o locales con energ\u00eda renovable en L\u2019arbo\u00e7, as\u00ed como la instalaci\u00f3n de energ\u00eda e\u00f3lica, solar, t\u00e9rmica, hidr\u00e1ulica, hidroel\u00e9ctrica, fotovoltaica, biomasa, biog\u00e1s, geot\u00e9rmica, maremotriz , biodi\u00e9sel<\/p>\n<p>&nbsp;<\/p>\n<p>El mantenimiento de energ\u00eda renovable en L\u2019arbo\u00e7 y del del circuito de energ\u00eda renovable supone una mejora de las energ\u00edas renovables limpias, inagotables y cada vez m\u00e1s competitivas.<\/p>\n<p>&nbsp;<\/p>\n<h4>Consejos para mantener un buen estado de energ\u00eda renovable en L\u2019arbo\u00e7:<\/h4>\n<ul>\n<li>Comprueba que el circuito el\u00e9ctrico de la energ\u00eda renovable est\u00e1 bien conectado.<\/li>\n<li>Aseg\u00farate de que el mantenimiento de la energ\u00eda renovable es el adecuado.<\/li>\n<li>Encuentra que el sistema hidr\u00e1ulico y hidroel\u00e9ctrico sea el adecuado para tu confort.<\/li>\n<li>Comprueba que todo el sistema de tu energ\u00eda renovable sea correcto.<\/li>\n<li>Con estos sencillos cinco consejos, mantendr\u00e1s tu energ\u00eda renovable totalmente operativa.<\/li>\n<\/ul>\n<p>&nbsp;<\/p>\n<p>Si tienes cualquier duda o necesitas reparar tu energ\u00eda renovable en L\u2019arbo\u00e7 contacta con Madac Clima. Aunque estamos en Sitges y Vilafranca del Pened\u00e8s, nos desplazamos a realizar el mantenimiento de energ\u00eda renovable en L\u2019arbo\u00e7 sin dudarlo.[\/vc_column_text][vc_empty_space height=\u00bb64px\u00bb][\/vc_column][vc_column width=\u00bb1\/3&#8243;][vc_empty_space height=\u00bb64px\u00bb][vc_widget_sidebar sidebar_id=\u00bbsidebar\u00bb][vc_empty_space height=\u00bb64px\u00bb][\/vc_column][\/vc_row]<\/p>\n<\/div>","protected":false},"excerpt":{"rendered":"<p>[vc_row css_animation=\u00bb\u00bb row_type=\u00bbrow\u00bb use_row_as_full_screen_section=\u00bbno\u00bb type=\u00bbgrid\u00bb angled_section=\u00bbno\u00bb text_align=\u00bbleft\u00bb background_image_as_pattern=\u00bbwithout_pattern\u00bb css=\u00bb.vc_custom_1523268378652{background-position: center !important;background-repeat: no-repeat !important;background-size: contain !important;}\u00bb z_index=\u00bb\u00bb][vc_column width=\u00bb2\/3&#8243;][vc_empty_space height=\u00bb64px\u00bb][vc_column_text] INSTALACI\u00d3N ENERG\u00cdAS RENOVABLES L\u2019arbo\u00e7 [\/vc_column_text][vc_empty_space height=\u00bb43px\u00bb][vc_column_text] SERVICIO DE INSTALACI\u00d3N DE ENERG\u00cdAS RENOVABLES L\u2019arbo\u00e7 [\/vc_column_text][vc_empty_space height=\u00bb43px\u00bb][vc_single_image image=\u00bb1228&#8243; img_size=\u00bbfull\u00bb qode_css_animation=\u00bb\u00bb][vc_empty_space height=\u00bb23px\u00bb][vc_column_text]MADAC CLIMA, empresa de instalaci\u00f3n de energ\u00edas renovables con&#8230;<\/p>\n","protected":false},"author":1,"featured_media":0,"parent":0,"menu_order":0,"comment_status":"closed","ping_status":"closed","template":"full_width.php","meta":{"footnotes":""},"class_list":["post-1266","page","type-page","status-publish","hentry"],"_links":{"self":[{"href":"https:\/\/www.madacclima.com\/es\/wp-json\/wp\/v2\/pages\/1266","targetHints":{"allow":["GET"]}}],"collection":[{"href":"https:\/\/www.madacclima.com\/es\/wp-json\/wp\/v2\/pages"}],"about":[{"href":"https:\/\/www.madacclima.com\/es\/wp-json\/wp\/v2\/types\/page"}],"author":[{"embeddable":true,"href":"https:\/\/www.madacclima.com\/es\/wp-json\/wp\/v2\/users\/1"}],"replies":[{"embeddable":true,"href":"https:\/\/www.madacclima.com\/es\/wp-json\/wp\/v2\/comments?post=1266"}],"version-history":[{"count":1,"href":"https:\/\/www.madacclima.com\/es\/wp-json\/wp\/v2\/pages\/1266\/revisions"}],"predecessor-version":[{"id":1286,"href":"https:\/\/www.madacclima.com\/es\/wp-json\/wp\/v2\/pages\/1266\/revisions\/1286"}],"wp:attachment":[{"href":"https:\/\/www.madacclima.com\/es\/wp-json\/wp\/v2\/media?parent=1266"}],"curies":[{"name":"wp","href":"https:\/\/api.w.org\/{rel}","templated":true}]}}