{"id":1176,"date":"2019-08-21T10:50:34","date_gmt":"2019-08-21T10:50:34","guid":{"rendered":"https:\/\/www.madacclima.com\/?page_id=1176"},"modified":"2022-03-08T10:09:11","modified_gmt":"2022-03-08T10:09:11","slug":"mantenimiento","status":"publish","type":"page","link":"https:\/\/www.madacclima.com\/es\/mantenimiento\/","title":{"rendered":"Mantenimiento"},"content":{"rendered":"<div class=\"wpb-content-wrapper\"><p>[vc_row css_animation=\u00bb\u00bb row_type=\u00bbrow\u00bb use_row_as_full_screen_section=\u00bbno\u00bb type=\u00bbfull_width\u00bb angled_section=\u00bbno\u00bb text_align=\u00bbleft\u00bb background_image_as_pattern=\u00bbwithout_pattern\u00bb][vc_column][vc_raw_js]JTNDc2NyaXB0JTNFJTBBJTIwJTIwZ3RhZyUyOCUyN2NvbmZpZyUyNyUyQyUyMCUyN0FXLTk0NzAzMTg2MiUyRnBPLTZDTGo1c3FjREVMYWV5c01EJTI3JTJDJTIwJTdCJTBBJTIwJTIwJTIwJTIwJTI3cGhvbmVfY29udmVyc2lvbl9udW1iZXIlMjclM0ElMjAlMjc5MyUyMDgxMCUyMDIyJTIwOTclMjclMEElMjAlMjAlN0QlMjklM0IlMEElM0MlMkZzY3JpcHQlM0U=[\/vc_raw_js][\/vc_column][\/vc_row][vc_row css_animation=\u00bb\u00bb row_type=\u00bbrow\u00bb use_row_as_full_screen_section=\u00bbno\u00bb type=\u00bbgrid\u00bb angled_section=\u00bbno\u00bb text_align=\u00bbleft\u00bb background_image_as_pattern=\u00bbwithout_pattern\u00bb css=\u00bb.vc_custom_1523268378652{background-position: center !important;background-repeat: no-repeat !important;background-size: contain !important;}\u00bb z_index=\u00bb\u00bb][vc_column width=\u00bb2\/3&#8243;][vc_empty_space height=\u00bb64px\u00bb][vc_column_text]<\/p>\n<h1>Mantenimiento<\/h1>\n<p>[\/vc_column_text][vc_empty_space height=\u00bb43px\u00bb][vc_column_text]Los precios del mercado inmobiliario son cada vez m\u00e1s elevados y, precisamente por eso, la mejor manera de evitar costes innecesarios es mantener al d\u00eda todas las instalaciones del hogar. Electricidad, agua, calefacci\u00f3n, gas &#8230; Es importante que todos los sistemas est\u00e9n convenientemente revisados \u200b\u200by funcionando de manera adecuada con el fin de anticiparse a problemas que requieran soluciones complejas y, sobre todo, inversiones m\u00e1s caras que una simple revisi\u00f3n rutinaria.<\/p>\n<p>Por supuesto, cualquier tipo de supervisi\u00f3n debe ser realizada por aut\u00e9nticos profesionales del sector. <strong>En Madac disponemos de un servicio t\u00e9cnico integrado exclusivamente por operarios certificados y acreditados para manipular equipos de su instalaci\u00f3n<\/strong>. Y s\u00f3lo le recomendamos la sustituci\u00f3n de sus aparatos si nuestra auditor\u00eda inicial confirma que su sistema ya no rinde de manera \u00f3ptima o ya no cumple las normativas vigentes. En este caso, adem\u00e1s, se le entrega una valoraci\u00f3n de la adaptaci\u00f3n donde ya indica las modificaciones m\u00e1s relevantes que deber\u00edan efectuar la instalaci\u00f3n.<\/p>\n<p>Hay que tener presente que cualquier tipo de propiedad &#8211; Chalet, casa, piso, apartamento, parking, almac\u00e9n &#8230;- est\u00e1 expuesta al desgaste. El paso del tiempo y el uso cotidiano de sus estancias propicia el envejecimiento de los diferentes sistemas. Las tuber\u00edas del agua, las calderas, las cerraduras de las puertas, los grifos o las ventanas son ejemplos de erosi\u00f3n.<\/p>\n<p><strong>Madac es la soluci\u00f3n integral a cualquier problema del hogar.<\/strong> El equilibrio perfecto entre la proximidad de una empresa familiar y un servicio t\u00e9cnico polivalente y completo que no depende de las habilidades de una sola persona o de especialistas en s\u00f3lo un \u00e1rea. Desde los trabajos m\u00e1s complejos hasta las revisiones m\u00e1s cotidianas. Todo lo que necesite est\u00e1 a nuestro alcance.<\/p>\n<p>Tenemos las oficinas centrales en <strong>Sitges y en Vilafranca del Pened\u00e8s, pero abarcamos todo el Garraf, Alt Pened\u00e8s y el Baix Pened\u00e8s.<\/strong> M\u00e1s de 6.000 clientes del territorio ya conf\u00edan en nuestros servicios. P\u00eddanos informaci\u00f3n sin ning\u00fan tipo de compromiso y le asesoraremos en todo lo que necesite.[\/vc_column_text][vc_empty_space height=\u00bb23px\u00bb][vc_single_image image=\u00bb1177&#8243; img_size=\u00bbfull\u00bb qode_css_animation=\u00bb\u00bb][vc_empty_space height=\u00bb30px\u00bb][vc_column_text]Somos la empresa con m\u00e1s bagaje y podemos garantizarle profesionalidad y experiencia en el sector.<\/p>\n<p>MADAC, Instalaciones<br \/>\n08870 Sitges, Barcelona,<br \/>\nAvda. de las Flores 4\u00a0Bxos.<br \/>\nTel\u00e9fono: <a href=\"tel:+348102297\">93 810 22 97<\/a><br \/>\nFAX: 93 894 00 42<br \/>\nE-mail:\u00a0<a href=\"mailto:madacclima@madacclima.com\">madacclima@madacclima.com<\/a><\/p>\n<p>Nuestro horario de atenci\u00f3n al p\u00fablico es de <strong>lunes a viernes, de 9 a 13:30h y de 15 a 17:30h<\/strong>. En caso de una urgencia, d\u00e9jenos un mensaje a nuestro contestador y le llamaremos lo antes posible.[\/vc_column_text][vc_empty_space height=\u00bb64px\u00bb][\/vc_column][vc_column width=\u00bb1\/3&#8243;][vc_empty_space height=\u00bb64px\u00bb][vc_widget_sidebar sidebar_id=\u00bbsidebar\u00bb][vc_empty_space height=\u00bb64px\u00bb][\/vc_column][\/vc_row]<\/p>\n<\/div>","protected":false},"excerpt":{"rendered":"<p>[vc_row css_animation=\u00bb\u00bb row_type=\u00bbrow\u00bb use_row_as_full_screen_section=\u00bbno\u00bb type=\u00bbfull_width\u00bb angled_section=\u00bbno\u00bb text_align=\u00bbleft\u00bb background_image_as_pattern=\u00bbwithout_pattern\u00bb][vc_column][vc_raw_js]JTNDc2NyaXB0JTNFJTBBJTIwJTIwZ3RhZyUyOCUyN2NvbmZpZyUyNyUyQyUyMCUyN0FXLTk0NzAzMTg2MiUyRnBPLTZDTGo1c3FjREVMYWV5c01EJTI3JTJDJTIwJTdCJTBBJTIwJTIwJTIwJTIwJTI3cGhvbmVfY29udmVyc2lvbl9udW1iZXIlMjclM0ElMjAlMjc5MyUyMDgxMCUyMDIyJTIwOTclMjclMEElMjAlMjAlN0QlMjklM0IlMEElM0MlMkZzY3JpcHQlM0U=[\/vc_raw_js][\/vc_column][\/vc_row][vc_row css_animation=\u00bb\u00bb row_type=\u00bbrow\u00bb use_row_as_full_screen_section=\u00bbno\u00bb type=\u00bbgrid\u00bb angled_section=\u00bbno\u00bb text_align=\u00bbleft\u00bb background_image_as_pattern=\u00bbwithout_pattern\u00bb css=\u00bb.vc_custom_1523268378652{background-position: center !important;background-repeat: no-repeat !important;background-size: contain !important;}\u00bb z_index=\u00bb\u00bb][vc_column width=\u00bb2\/3&#8243;][vc_empty_space height=\u00bb64px\u00bb][vc_column_text] Mantenimiento [\/vc_column_text][vc_empty_space height=\u00bb43px\u00bb][vc_column_text]Los precios del mercado inmobiliario son cada vez m\u00e1s elevados y, precisamente por eso, la mejor manera de&#8230;<\/p>\n","protected":false},"author":1,"featured_media":0,"parent":0,"menu_order":0,"comment_status":"closed","ping_status":"closed","template":"full_width.php","meta":{"footnotes":""},"class_list":["post-1176","page","type-page","status-publish","hentry"],"_links":{"self":[{"href":"https:\/\/www.madacclima.com\/es\/wp-json\/wp\/v2\/pages\/1176","targetHints":{"allow":["GET"]}}],"collection":[{"href":"https:\/\/www.madacclima.com\/es\/wp-json\/wp\/v2\/pages"}],"about":[{"href":"https:\/\/www.madacclima.com\/es\/wp-json\/wp\/v2\/types\/page"}],"author":[{"embeddable":true,"href":"https:\/\/www.madacclima.com\/es\/wp-json\/wp\/v2\/users\/1"}],"replies":[{"embeddable":true,"href":"https:\/\/www.madacclima.com\/es\/wp-json\/wp\/v2\/comments?post=1176"}],"version-history":[{"count":7,"href":"https:\/\/www.madacclima.com\/es\/wp-json\/wp\/v2\/pages\/1176\/revisions"}],"predecessor-version":[{"id":1914,"href":"https:\/\/www.madacclima.com\/es\/wp-json\/wp\/v2\/pages\/1176\/revisions\/1914"}],"wp:attachment":[{"href":"https:\/\/www.madacclima.com\/es\/wp-json\/wp\/v2\/media?parent=1176"}],"curies":[{"name":"wp","href":"https:\/\/api.w.org\/{rel}","templated":true}]}}