{"id":1135,"date":"2019-07-24T15:08:35","date_gmt":"2019-07-24T15:08:35","guid":{"rendered":"https:\/\/www.madacclima.com\/?page_id=1135"},"modified":"2019-07-24T15:08:35","modified_gmt":"2019-07-24T15:08:35","slug":"mantenimiento-aire-acondicionado-vilafranca-del-penedes","status":"publish","type":"page","link":"https:\/\/www.madacclima.com\/es\/mantenimiento-aire-acondicionado-vilafranca-del-penedes\/","title":{"rendered":"Mantenimiento aire acondicionado Vilafranca del penedes"},"content":{"rendered":"<div class=\"wpb-content-wrapper\"><p>[vc_row css_animation=\u00bb\u00bb row_type=\u00bbrow\u00bb use_row_as_full_screen_section=\u00bbno\u00bb type=\u00bbgrid\u00bb angled_section=\u00bbno\u00bb text_align=\u00bbleft\u00bb background_image_as_pattern=\u00bbwithout_pattern\u00bb css=\u00bb.vc_custom_1523268378652{background-position: center !important;background-repeat: no-repeat !important;background-size: contain !important;}\u00bb z_index=\u00bb\u00bb][vc_column width=\u00bb2\/3&#8243;][vc_empty_space height=\u00bb64px\u00bb][vc_column_text]<\/p>\n<h1 style=\"font-size: 35px;\">MANTENIMIENTO AIRE ACONDICIONADO Vilafranca del penedes<\/h1>\n<p>[\/vc_column_text][vc_empty_space height=\u00bb43px\u00bb][vc_column_text]<\/p>\n<h2 style=\"font-size: 25px;\">SERVICIO\u00a0DE MANTENIMIENTO DE\u00a0<strong>AIRE ACONDICIONADO EN Vilafranca del penedes<\/strong><\/h2>\n<p>[\/vc_column_text][vc_empty_space height=\u00bb43px\u00bb][vc_single_image image=\u00bb591&#8243; img_size=\u00bbfull\u00bb qode_css_animation=\u00bb\u00bb][vc_empty_space height=\u00bb23px\u00bb][vc_column_text]MADAC CLIMA, empresa instaladora de aire acondicionado con oficinas en Sitges y Vilafranca del Pened\u00e9s, dispone de t\u00e9cnicos especialistas que se desplazan hasta Vilafranca del penedes, para ofrecer el servicio de mantenimiento de aire acondicionado ofreciendo la m\u00e1xima calidad y el mejor servicio en:[\/vc_column_text][vc_empty_space height=\u00bb23px\u00bb][vc_column_text]<\/p>\n<ul>\n<li>Instalaci\u00f3n de aparatos de aire acondicionado<\/li>\n<li>Mantenimiento de aire acondicionado<\/li>\n<li>Reparaci\u00f3n de aire acondicionado<\/li>\n<li>Nuevas instalaciones de aire acondicionado<\/li>\n<\/ul>\n<p>[\/vc_column_text][vc_empty_space height=\u00bb23px\u00bb][vc_column_text]Adem\u00e1s de estos servicios\u00a0\u00a0disponemos de otros muchos servicios en Vilafranca del penedes como la instalaci\u00f3n de calderas, reparaci\u00f3n de radiadores, mantenimiento de tuber\u00edas, instalaci\u00f3n de termostatos y su mantenimiento.[\/vc_column_text][vc_empty_space height=\u00bb23px\u00bb][vc_column_text]<\/p>\n<h4>Si necesita cualquier consulta sobre servicios de mantenimiento de aire acondicionado en Vilafranca del penedes, presupuesto o servicio de instalaci\u00f3n o reparaci\u00f3n de aire acondicionado en Vilafranca del penedes, p\u00f3ngase\u00a0en contacto con nosotros, mediante este sencillo formulario.<\/h4>\n<p>[\/vc_column_text][vc_empty_space height=\u00bb23px\u00bb]\n<div class=\"wpcf7 no-js\" id=\"wpcf7-f512-o1\" lang=\"ca\" dir=\"ltr\" data-wpcf7-id=\"512\">\n<div class=\"screen-reader-response\"><p role=\"status\" aria-live=\"polite\" aria-atomic=\"true\"><\/p> <ul><\/ul><\/div>\n<form action=\"\/es\/wp-json\/wp\/v2\/pages\/1135#wpcf7-f512-o1\" method=\"post\" class=\"wpcf7-form init default\" aria-label=\"Formulari de contacte\" novalidate=\"novalidate\" data-status=\"init\">\n<fieldset class=\"hidden-fields-container\"><input type=\"hidden\" name=\"_wpcf7\" value=\"512\" \/><input type=\"hidden\" name=\"_wpcf7_version\" value=\"6.1.5\" \/><input type=\"hidden\" name=\"_wpcf7_locale\" value=\"ca\" \/><input type=\"hidden\" name=\"_wpcf7_unit_tag\" value=\"wpcf7-f512-o1\" \/><input type=\"hidden\" name=\"_wpcf7_container_post\" value=\"0\" \/><input type=\"hidden\" name=\"_wpcf7_posted_data_hash\" value=\"\" \/>\n<\/fieldset>\n<p><label> <span class=\"wpcf7-form-control-wrap\" data-name=\"your-name\"><input size=\"40\" maxlength=\"400\" class=\"wpcf7-form-control wpcf7-text wpcf7-validates-as-required\" aria-required=\"true\" aria-invalid=\"false\" placeholder=\"Nombre\" value=\"\" type=\"text\" name=\"your-name\" \/><\/span> <\/label>\n<\/p>\n<p><label> <span class=\"wpcf7-form-control-wrap\" data-name=\"your-email\"><input size=\"40\" maxlength=\"400\" class=\"wpcf7-form-control wpcf7-email wpcf7-validates-as-required wpcf7-text wpcf7-validates-as-email\" aria-required=\"true\" aria-invalid=\"false\" placeholder=\"Email\" value=\"\" type=\"email\" name=\"your-email\" \/><\/span> <\/label>\n<\/p>\n<p><label> <span class=\"wpcf7-form-control-wrap\" data-name=\"your-tel\"><input size=\"40\" maxlength=\"400\" class=\"wpcf7-form-control wpcf7-text\" aria-invalid=\"false\" placeholder=\"Tel\u00e9fono\" value=\"\" type=\"text\" name=\"your-tel\" \/><\/span> <\/label>\n<\/p>\n<p><label> <span class=\"wpcf7-form-control-wrap\" data-name=\"your-message\"><textarea cols=\"40\" rows=\"10\" maxlength=\"2000\" class=\"wpcf7-form-control wpcf7-textarea\" aria-invalid=\"false\" placeholder=\"Mensaje\" name=\"your-message\"><\/textarea><\/span> <\/label>\n<\/p>\n<p><span class=\"wpcf7-form-control-wrap\" data-name=\"acceptance-51\"><span class=\"wpcf7-form-control wpcf7-acceptance\"><span class=\"wpcf7-list-item\"><input type=\"checkbox\" name=\"acceptance-51\" value=\"1\" aria-invalid=\"false\" \/><\/span><\/span><\/span> He leido y acepto la <a target=\"_blank\" href=\"https:\/\/www.madacclima.com\/es\/aviso-legal\/\">Pol\u00edtica de privacidad<\/a>\n<\/p>\n<p><input class=\"wpcf7-form-control wpcf7-submit has-spinner\" type=\"submit\" value=\"Enviar\" \/>\n<\/p><div class=\"wpcf7-response-output\" aria-hidden=\"true\"><\/div>\n<\/form>\n<\/div>\n[vc_empty_space height=\u00bb23px\u00bb][vc_column_text]Madac Clima realiza un continuo\u00a0<b>mantenimiento de aire acondicionado en Vilafranca del penedes <\/b>para empresas, locales y particulares para mejorar el rendimiento de las viviendas o locales con aire acondicionado en Vilafranca del penedes, as\u00ed como el mantenimiento de los radiadores que permiten ahorrar en el gasto de la aire acondicionado reduciendo en el consumo energ\u00e9tico.<\/p>\n<p>La falta de mantenimiento de los compresores\u00a0 de aire acondicionado supone un 10% m\u00e1s de consumo energ\u00e9tico para las instalaciones de aire acondicionado en Vilafranca del penedes.[\/vc_column_text][vc_empty_space height=\u00bb23px\u00bb][vc_column_text]<\/p>\n<h4>Consejos para realizar el mantenimiento de la aire acondicionado en Vilafranca del penedes:<\/h4>\n<ul>\n<li>Comprueba que los filtros de tu\u00a0<b>aire acondicionado <\/b>est\u00e1n limpios.<\/li>\n<li>Aseg\u00farate de que la temperatura del\u00a0<b>aire acondicionado <\/b>es la adecuada.<\/li>\n<li>Configura la temperatura de tu\u00a0<b>aire acondicionado <\/b>para un confort adecuado.<\/li>\n<li>Comprueba que todos los\u00a0<b>compresores\u00a0<\/b>de tu\u00a0<b>aire acondicionado <\/b>funcionan bien<\/li>\n<li>Limpia las ranuras de tu\u00a0<b>aire acondicionado<\/b>.<\/li>\n<\/ul>\n<p>Con estos sencillos cinco consejos, mantendr\u00e1s tu\u00a0<b>aire acondicionado <\/b>totalmente operativa.[\/vc_column_text][vc_empty_space height=\u00bb23px\u00bb][vc_column_text]Si tienes cualquier duda o necesitas reparara tu<b>\u00a0aire acondicionado en Vilafranca del penedes <\/b>contacta con Madac Clima. Aunque estamos en Sitges y Vilafranca del Pened\u00e9s, nos desplazamos a realizar el mantenimiento de aire acondicionado en Vilafranca del penedes sin dudarlo.[\/vc_column_text][vc_empty_space height=\u00bb64px\u00bb][\/vc_column][vc_column width=\u00bb1\/3&#8243;][vc_empty_space height=\u00bb64px\u00bb][vc_widget_sidebar sidebar_id=\u00bbsidebar\u00bb][vc_empty_space height=\u00bb64px\u00bb][\/vc_column][\/vc_row]<\/p>\n<\/div>","protected":false},"excerpt":{"rendered":"<p>[vc_row css_animation=\u00bb\u00bb row_type=\u00bbrow\u00bb use_row_as_full_screen_section=\u00bbno\u00bb type=\u00bbgrid\u00bb angled_section=\u00bbno\u00bb text_align=\u00bbleft\u00bb background_image_as_pattern=\u00bbwithout_pattern\u00bb css=\u00bb.vc_custom_1523268378652{background-position: center !important;background-repeat: no-repeat !important;background-size: contain !important;}\u00bb z_index=\u00bb\u00bb][vc_column width=\u00bb2\/3&#8243;][vc_empty_space height=\u00bb64px\u00bb][vc_column_text] MANTENIMIENTO AIRE ACONDICIONADO Vilafranca del penedes [\/vc_column_text][vc_empty_space height=\u00bb43px\u00bb][vc_column_text] SERVICIO\u00a0DE MANTENIMIENTO DE\u00a0AIRE ACONDICIONADO EN Vilafranca del penedes [\/vc_column_text][vc_empty_space height=\u00bb43px\u00bb][vc_single_image image=\u00bb591&#8243; img_size=\u00bbfull\u00bb qode_css_animation=\u00bb\u00bb][vc_empty_space height=\u00bb23px\u00bb][vc_column_text]MADAC CLIMA, empresa instaladora de aire&#8230;<\/p>\n","protected":false},"author":1,"featured_media":0,"parent":0,"menu_order":0,"comment_status":"closed","ping_status":"closed","template":"full_width.php","meta":{"footnotes":""},"class_list":["post-1135","page","type-page","status-publish","hentry"],"_links":{"self":[{"href":"https:\/\/www.madacclima.com\/es\/wp-json\/wp\/v2\/pages\/1135","targetHints":{"allow":["GET"]}}],"collection":[{"href":"https:\/\/www.madacclima.com\/es\/wp-json\/wp\/v2\/pages"}],"about":[{"href":"https:\/\/www.madacclima.com\/es\/wp-json\/wp\/v2\/types\/page"}],"author":[{"embeddable":true,"href":"https:\/\/www.madacclima.com\/es\/wp-json\/wp\/v2\/users\/1"}],"replies":[{"embeddable":true,"href":"https:\/\/www.madacclima.com\/es\/wp-json\/wp\/v2\/comments?post=1135"}],"version-history":[{"count":1,"href":"https:\/\/www.madacclima.com\/es\/wp-json\/wp\/v2\/pages\/1135\/revisions"}],"predecessor-version":[{"id":1144,"href":"https:\/\/www.madacclima.com\/es\/wp-json\/wp\/v2\/pages\/1135\/revisions\/1144"}],"wp:attachment":[{"href":"https:\/\/www.madacclima.com\/es\/wp-json\/wp\/v2\/media?parent=1135"}],"curies":[{"name":"wp","href":"https:\/\/api.w.org\/{rel}","templated":true}]}}