{"id":1081,"date":"2019-07-17T07:41:32","date_gmt":"2019-07-17T07:41:32","guid":{"rendered":"https:\/\/www.madacclima.com\/reparacio-de-calefaccio\/"},"modified":"2022-03-08T09:57:21","modified_gmt":"2022-03-08T09:57:21","slug":"reparacion-de-calefaccion","status":"publish","type":"page","link":"https:\/\/www.madacclima.com\/es\/reparacion-de-calefaccion\/","title":{"rendered":"Reparaci\u00f3n de Calefacci\u00f3n"},"content":{"rendered":"<div class=\"wpb-content-wrapper\"><p>[vc_row css_animation=\u00bb\u00bb row_type=\u00bbrow\u00bb use_row_as_full_screen_section=\u00bbno\u00bb type=\u00bbfull_width\u00bb angled_section=\u00bbno\u00bb text_align=\u00bbleft\u00bb background_image_as_pattern=\u00bbwithout_pattern\u00bb][vc_column][vc_raw_js]JTNDc2NyaXB0JTNFJTBBJTIwJTIwZ3RhZyUyOCUyN2NvbmZpZyUyNyUyQyUyMCUyN0FXLTk0NzAzMTg2MiUyRnBPLTZDTGo1c3FjREVMYWV5c01EJTI3JTJDJTIwJTdCJTBBJTIwJTIwJTIwJTIwJTI3cGhvbmVfY29udmVyc2lvbl9udW1iZXIlMjclM0ElMjAlMjc5MyUyMDgxMCUyMDIyJTIwOTclMjclMEElMjAlMjAlN0QlMjklM0IlMEElM0MlMkZzY3JpcHQlM0U=[\/vc_raw_js][\/vc_column][\/vc_row][vc_row css_animation=\u00bb\u00bb row_type=\u00bbrow\u00bb use_row_as_full_screen_section=\u00bbno\u00bb type=\u00bbfull_width\u00bb angled_section=\u00bbno\u00bb text_align=\u00bbleft\u00bb background_image_as_pattern=\u00bbwithout_pattern\u00bb][vc_column width=\u00bb2\/3&#8243;][vc_column_text]<\/p>\n<h3><strong>Reparaci\u00f3n de calefacci\u00f3n<\/strong><\/h3>\n<p>Los sistemas de calefacci\u00f3n son cada vez m\u00e1s fiables, pero eso no quiere decir que duren eternamente. Tambi\u00e9n se estropean. Y hay que saber cu\u00e1les son las causas para poder actuar de inmediato y ofreciendo siempre la mejor soluci\u00f3n. A Madac le ofrecemos soluciones integrales en materia de calefacci\u00f3n. <strong>No s\u00f3lo instalamos aparatos, sino que tambi\u00e9n los reparamos o adaptamos. Radiadores, calderas, tuber\u00edas, termostatos &#8230; Y tanto de gas como de gasoil.<\/strong> Todo un abanico de opciones a su disposici\u00f3n para que siempre pueda escoger el que mejor se ajuste a su caso.<\/p>\n<p>Los aparatos de calefacci\u00f3n se pueden da\u00f1ar porque no se hace un buen uso o, sobre todo, porque no se hace un buen mantenimiento. Como empresa instaladora, <strong>Madac garantiza revisiones peri\u00f3dicas para anticiparse a problemas futuros<\/strong>. Analizamos las causas y en minimizamos las consecuencias.<\/p>\n<p>Ruidos en los radiadores, apagones involuntarias, obstrucciones en las tuber\u00edas, el caudal o la presi\u00f3n del agua, el vaso de expansi\u00f3n &#8230; cualquier tipo de aver\u00eda puede ser resuelta por nuestro equipo t\u00e9cnico. Disponemos de operarios certificados y acreditados para manipular equipos de su instalaci\u00f3n. En caso de urgencia, est\u00e1n activos siempre que lo necesites. Y somos agente colaborador de Uni\u00f3n Fenosa, con lo cual podemos asumir cualquier tipo de revisi\u00f3n obligatoria que fije la ley o las grandes empresas del sector.<\/p>\n<p>Y, todo ello, aprovechando al m\u00e1ximo su instalaci\u00f3n existente, sin a\u00f1adirle costes extra que no est\u00e9n espec\u00edficamente justificados. S\u00f3lo le recomendamos la sustituci\u00f3n de sus aparatos si nuestra auditor\u00eda inicial confirma que su sistema o aparato ya no se adaptan suficientemente a la normativa vigente. Y, en caso de ser as\u00ed, s\u00f3lo trabajamos con versiones originales y primeras marcas de fabricantes l\u00edderes (Viessman, Hacer y otros &#8230;). L<strong>os m\u00e1ximos est\u00e1ndar de calidad, combinados con los precios m\u00e1s competitivos.<\/strong><\/p>\n<p>P\u00eddanos informaci\u00f3n sin ning\u00fan tipo de compromiso y le asesoraremos en todo lo que necesite. Tenemos las oficinas centrales en <strong>Sitges y en Vilafranca del Pened\u00e8s, pero abarcamos todo el Garraf, Alt Pened\u00e8s y el Baix Pened\u00e8s<\/strong>. M\u00e1s de 6.000 clientes del territorio ya conf\u00edan nosotros. Si se trata de una calefacci\u00f3n que no d\u00e9 problemas, la mejor opci\u00f3n es Madac.[\/vc_column_text][vc_empty_space][vc_single_image image=\u00bb1006&#8243; img_size=\u00bbfull\u00bb qode_css_animation=\u00bb\u00bb][vc_empty_space][vc_column_text]Somos la empresa con m\u00e1s bagaje y podemos garantizarle profesionalidad y experiencia en el sector.<\/p>\n<p>MADAC, Instalaciones<br \/>\n08870 Sitges, Barcelona,<br \/>\nAvda. de las Flores 4\u00a0Bxos.<br \/>\nTel\u00e9fono: <a href=\"tel:+348102297\">93 810 22 97<\/a><br \/>\nFAX: 93 894 00 42<br \/>\nE-mail:\u00a0<a href=\"mailto:madacclima@madacclima.com\">madacclima@madacclima.com<\/a><\/p>\n<p>Nuestro horario de atenci\u00f3n al p\u00fablico es de <strong>lunes a viernes, de 9 a 13:30h y de 15 a 17:30h<\/strong>. En caso de una urgencia, d\u00e9jenos un mensaje a nuestro contestador y le llamaremos lo antes posible.[\/vc_column_text][vc_empty_space][\/vc_column][vc_column width=\u00bb1\/3&#8243;][vc_widget_sidebar sidebar_id=\u00bbsidebar\u00bb][\/vc_column][\/vc_row]<\/p>\n<\/div>","protected":false},"excerpt":{"rendered":"<p>[vc_row css_animation=\u00bb\u00bb row_type=\u00bbrow\u00bb use_row_as_full_screen_section=\u00bbno\u00bb type=\u00bbfull_width\u00bb angled_section=\u00bbno\u00bb text_align=\u00bbleft\u00bb background_image_as_pattern=\u00bbwithout_pattern\u00bb][vc_column][vc_raw_js]JTNDc2NyaXB0JTNFJTBBJTIwJTIwZ3RhZyUyOCUyN2NvbmZpZyUyNyUyQyUyMCUyN0FXLTk0NzAzMTg2MiUyRnBPLTZDTGo1c3FjREVMYWV5c01EJTI3JTJDJTIwJTdCJTBBJTIwJTIwJTIwJTIwJTI3cGhvbmVfY29udmVyc2lvbl9udW1iZXIlMjclM0ElMjAlMjc5MyUyMDgxMCUyMDIyJTIwOTclMjclMEElMjAlMjAlN0QlMjklM0IlMEElM0MlMkZzY3JpcHQlM0U=[\/vc_raw_js][\/vc_column][\/vc_row][vc_row css_animation=\u00bb\u00bb row_type=\u00bbrow\u00bb use_row_as_full_screen_section=\u00bbno\u00bb type=\u00bbfull_width\u00bb angled_section=\u00bbno\u00bb text_align=\u00bbleft\u00bb background_image_as_pattern=\u00bbwithout_pattern\u00bb][vc_column width=\u00bb2\/3&#8243;][vc_column_text] Reparaci\u00f3n de calefacci\u00f3n Los sistemas de calefacci\u00f3n son cada vez m\u00e1s fiables, pero eso no quiere decir que duren eternamente. Tambi\u00e9n se estropean. Y hay que saber cu\u00e1les son&#8230;<\/p>\n","protected":false},"author":1,"featured_media":0,"parent":0,"menu_order":0,"comment_status":"closed","ping_status":"closed","template":"","meta":{"footnotes":""},"class_list":["post-1081","page","type-page","status-publish","hentry"],"_links":{"self":[{"href":"https:\/\/www.madacclima.com\/es\/wp-json\/wp\/v2\/pages\/1081","targetHints":{"allow":["GET"]}}],"collection":[{"href":"https:\/\/www.madacclima.com\/es\/wp-json\/wp\/v2\/pages"}],"about":[{"href":"https:\/\/www.madacclima.com\/es\/wp-json\/wp\/v2\/types\/page"}],"author":[{"embeddable":true,"href":"https:\/\/www.madacclima.com\/es\/wp-json\/wp\/v2\/users\/1"}],"replies":[{"embeddable":true,"href":"https:\/\/www.madacclima.com\/es\/wp-json\/wp\/v2\/comments?post=1081"}],"version-history":[{"count":10,"href":"https:\/\/www.madacclima.com\/es\/wp-json\/wp\/v2\/pages\/1081\/revisions"}],"predecessor-version":[{"id":1903,"href":"https:\/\/www.madacclima.com\/es\/wp-json\/wp\/v2\/pages\/1081\/revisions\/1903"}],"wp:attachment":[{"href":"https:\/\/www.madacclima.com\/es\/wp-json\/wp\/v2\/media?parent=1081"}],"curies":[{"name":"wp","href":"https:\/\/api.w.org\/{rel}","templated":true}]}}