{"id":1060,"date":"2019-07-10T11:06:24","date_gmt":"2019-07-10T11:06:24","guid":{"rendered":"https:\/\/www.madacclima.com\/?page_id=1060"},"modified":"2022-03-08T09:16:00","modified_gmt":"2022-03-08T09:16:00","slug":"instalacion-descalcificador-y-osmosis","status":"publish","type":"page","link":"https:\/\/www.madacclima.com\/es\/instalacion-descalcificador-y-osmosis\/","title":{"rendered":"Instalaci\u00f3n descalcificador y osmosis"},"content":{"rendered":"<div class=\"wpb-content-wrapper\"><p>[vc_row css_animation=\u00bb\u00bb row_type=\u00bbrow\u00bb use_row_as_full_screen_section=\u00bbno\u00bb type=\u00bbfull_width\u00bb angled_section=\u00bbno\u00bb text_align=\u00bbleft\u00bb background_image_as_pattern=\u00bbwithout_pattern\u00bb][vc_column][vc_raw_js]JTNDc2NyaXB0JTNFJTBBJTIwJTIwZ3RhZyUyOCUyN2NvbmZpZyUyNyUyQyUyMCUyN0FXLTk0NzAzMTg2MiUyRnBPLTZDTGo1c3FjREVMYWV5c01EJTI3JTJDJTIwJTdCJTBBJTIwJTIwJTIwJTIwJTI3cGhvbmVfY29udmVyc2lvbl9udW1iZXIlMjclM0ElMjAlMjc5MyUyMDgxMCUyMDIyJTIwOTclMjclMEElMjAlMjAlN0QlMjklM0IlMEElM0MlMkZzY3JpcHQlM0U=[\/vc_raw_js][\/vc_column][\/vc_row][vc_row css_animation=\u00bb\u00bb row_type=\u00bbrow\u00bb use_row_as_full_screen_section=\u00bbno\u00bb type=\u00bbfull_width\u00bb angled_section=\u00bbno\u00bb text_align=\u00bbleft\u00bb background_image_as_pattern=\u00bbwithout_pattern\u00bb][vc_column width=\u00bb2\/3&#8243;][vc_column_text]<\/p>\n<h1>Instalaci\u00f3n Descalcificador y Osmosis<\/h1>\n<p>[\/vc_column_text][vc_empty_space][vc_column_text]El agua es uno de los bienes m\u00e1s preciados que existe. Imprescindible para garantizar el desarrollo natural del planeta. Y imprescindible tambi\u00e9n para hacer funcionar los aparatos dom\u00e9sticos del hogar. <strong>En Madac somos especialistas en la instalaci\u00f3n, reparaci\u00f3n o adaptaci\u00f3n de los diferentes servicios de agua de una casa o empresa, como los descalcificadores o los osmosis<\/strong>. Por eso ofrecemos un amplio abanico de posibilidades relacionadas con las tuber\u00edas, los ba\u00f1os, las cocinas, los extractores y campanas o los contadores de agua y gas.<\/p>\n<p>Desde una instalaci\u00f3n entera hasta la \u00faltima grifo de la vivienda, proporcionamos las soluciones integrales que mejor se adapten a las necesidades de cada cliente. Y esto lo hacemos junto a una marca l\u00edder en toda Europa como Cillit, con m\u00e1s de 75 a\u00f1os de experiencia en el tratamiento de agua. Cualquier problema relacionado con filtraciones, circuitos de calefacci\u00f3n, agua purificada o lucha contra la cal y el cloro tiene soluci\u00f3n.<\/p>\n<p><strong>El servicio t\u00e9cnico de Madac est\u00e1 formado por trabajadores certificados y acreditados<\/strong> para manipular cualquier sistema de agua en viviendas, comunidades, comercios, industrias y piscinas de todo tipo. Y, en caso de urgencia, est\u00e1 siempre disponible para actuar. Nuestra manera de trabajar tiene en cuenta las particularidades de cada caso y, por eso, siempre procuramos aprovechar al m\u00e1ximo los aparatos existentes, sin a\u00f1adir costes a\u00f1adidos que no sean estrictamente necesarios. De hecho, s\u00f3lo recomendamos la sustituci\u00f3n de su aparatos si nuestra auditoria inicial confirma que ya no se adapta suficientemente a la normativa vigente o que mantenerlo le sale casi tan caro como renovarlo.<\/p>\n<p>Los descalcificadores recomendados por Madac <strong>protegen la durabilidad de las tuber\u00edas y de los electrodom\u00e9sticos del hogar<\/strong>, propician que el agua de la ducha hidrate mejor la piel y el cabello y consiguen que la ropa de la lavadora salga m\u00e1s suave y conservando mejores sus colores originales. Un solo aparato, m\u00faltiples ventajas.<\/p>\n<p>Exactamente igual que los osmosis, que purifican el agua del grifo hasta convertirla en una hidrataci\u00f3n 100% saludable y sin bacterias para el organismo. Se acab\u00f3 comprar, cargar y guardar garrafas de agua embotellada. Un discreto y est\u00e9tico \u00f3smosis facilita el aprovechamiento de los recursos hidr\u00e1ulicos del Mediterr\u00e1neo para los requerimientos cotidianos del hogar.<\/p>\n<p><strong>Madac es garant\u00eda de calidad<\/strong>. P\u00eddanos informaci\u00f3n sin compromiso y le asesoraremos en todo lo que necesite. Las oficinas centrales est\u00e1n ubicadas en <strong>Sitges y en Vilafranca del Pened\u00e8s, pero la empresa abarca todo el Garraf, Alt Pened\u00e8s y el Baix Pened\u00e8s<\/strong>. M\u00e1s de 6.000 clientes del territorio ya conf\u00edan en nuestros servicios. Cuando se trata de hacer tratamientos al agua, la mejor opci\u00f3n siempre es Madac.[\/vc_column_text][vc_empty_space][vc_single_image image=\u00bb1051&#8243; img_size=\u00bbfull\u00bb qode_css_animation=\u00bb\u00bb][vc_empty_space height=\u00bb50px\u00bb][vc_column_text]Somos la empresa con m\u00e1s bagaje y podemos garantizarle profesionalidad y experiencia en el sector.<\/p>\n<p>MADAC, Instalaciones<br \/>\n08870 Sitges, Barcelona,<br \/>\nAvda. de las Flores 4\u00a0Bxos.<br \/>\nTel\u00e9fono: <a href=\"tel:+348102297\">93 810 22 97<\/a><br \/>\nFAX: 93 894 00 42<br \/>\nE-mail:\u00a0<a href=\"mailto:madacclima@madacclima.com\">madacclima@madacclima.com<\/a><\/p>\n<p>Nuestro horario de atenci\u00f3n al p\u00fablico es de <strong>lunes a viernes, de 9 a 13:30h y de 15 a 17:30h<\/strong>. En caso de una urgencia, d\u00e9jenos un mensaje a nuestro contestador y le llamaremos lo antes posible.[\/vc_column_text][vc_empty_space height=\u00bb50px\u00bb][\/vc_column][vc_column width=\u00bb1\/3&#8243;][vc_widget_sidebar sidebar_id=\u00bbsidebar\u00bb][\/vc_column][\/vc_row]<\/p>\n<\/div>","protected":false},"excerpt":{"rendered":"<p>[vc_row css_animation=\u00bb\u00bb row_type=\u00bbrow\u00bb use_row_as_full_screen_section=\u00bbno\u00bb type=\u00bbfull_width\u00bb angled_section=\u00bbno\u00bb text_align=\u00bbleft\u00bb background_image_as_pattern=\u00bbwithout_pattern\u00bb][vc_column][vc_raw_js]JTNDc2NyaXB0JTNFJTBBJTIwJTIwZ3RhZyUyOCUyN2NvbmZpZyUyNyUyQyUyMCUyN0FXLTk0NzAzMTg2MiUyRnBPLTZDTGo1c3FjREVMYWV5c01EJTI3JTJDJTIwJTdCJTBBJTIwJTIwJTIwJTIwJTI3cGhvbmVfY29udmVyc2lvbl9udW1iZXIlMjclM0ElMjAlMjc5MyUyMDgxMCUyMDIyJTIwOTclMjclMEElMjAlMjAlN0QlMjklM0IlMEElM0MlMkZzY3JpcHQlM0U=[\/vc_raw_js][\/vc_column][\/vc_row][vc_row css_animation=\u00bb\u00bb row_type=\u00bbrow\u00bb use_row_as_full_screen_section=\u00bbno\u00bb type=\u00bbfull_width\u00bb angled_section=\u00bbno\u00bb text_align=\u00bbleft\u00bb background_image_as_pattern=\u00bbwithout_pattern\u00bb][vc_column width=\u00bb2\/3&#8243;][vc_column_text] Instalaci\u00f3n Descalcificador y Osmosis [\/vc_column_text][vc_empty_space][vc_column_text]El agua es uno de los bienes m\u00e1s preciados que existe. Imprescindible para garantizar el desarrollo natural del planeta. Y imprescindible tambi\u00e9n para hacer funcionar&#8230;<\/p>\n","protected":false},"author":3,"featured_media":0,"parent":0,"menu_order":0,"comment_status":"closed","ping_status":"closed","template":"","meta":{"footnotes":""},"class_list":["post-1060","page","type-page","status-publish","hentry"],"_links":{"self":[{"href":"https:\/\/www.madacclima.com\/es\/wp-json\/wp\/v2\/pages\/1060","targetHints":{"allow":["GET"]}}],"collection":[{"href":"https:\/\/www.madacclima.com\/es\/wp-json\/wp\/v2\/pages"}],"about":[{"href":"https:\/\/www.madacclima.com\/es\/wp-json\/wp\/v2\/types\/page"}],"author":[{"embeddable":true,"href":"https:\/\/www.madacclima.com\/es\/wp-json\/wp\/v2\/users\/3"}],"replies":[{"embeddable":true,"href":"https:\/\/www.madacclima.com\/es\/wp-json\/wp\/v2\/comments?post=1060"}],"version-history":[{"count":3,"href":"https:\/\/www.madacclima.com\/es\/wp-json\/wp\/v2\/pages\/1060\/revisions"}],"predecessor-version":[{"id":1887,"href":"https:\/\/www.madacclima.com\/es\/wp-json\/wp\/v2\/pages\/1060\/revisions\/1887"}],"wp:attachment":[{"href":"https:\/\/www.madacclima.com\/es\/wp-json\/wp\/v2\/media?parent=1060"}],"curies":[{"name":"wp","href":"https:\/\/api.w.org\/{rel}","templated":true}]}}