{"id":1039,"date":"2019-07-08T12:53:20","date_gmt":"2019-07-08T12:53:20","guid":{"rendered":"https:\/\/www.madacclima.com\/?page_id=1039"},"modified":"2022-03-08T09:38:00","modified_gmt":"2022-03-08T09:38:00","slug":"instalacion-energias-renovables","status":"publish","type":"page","link":"https:\/\/www.madacclima.com\/es\/instalacion-energias-renovables\/","title":{"rendered":"Instalaci\u00f3n energ\u00edas renovables"},"content":{"rendered":"<div class=\"wpb-content-wrapper\"><p>[vc_row css_animation=\u00bb\u00bb row_type=\u00bbrow\u00bb use_row_as_full_screen_section=\u00bbno\u00bb type=\u00bbfull_width\u00bb angled_section=\u00bbno\u00bb text_align=\u00bbleft\u00bb background_image_as_pattern=\u00bbwithout_pattern\u00bb][vc_column][vc_raw_js]JTNDc2NyaXB0JTNFJTBBJTIwJTIwZ3RhZyUyOCUyN2NvbmZpZyUyNyUyQyUyMCUyN0FXLTk0NzAzMTg2MiUyRnBPLTZDTGo1c3FjREVMYWV5c01EJTI3JTJDJTIwJTdCJTBBJTIwJTIwJTIwJTIwJTI3cGhvbmVfY29udmVyc2lvbl9udW1iZXIlMjclM0ElMjAlMjc5MyUyMDgxMCUyMDIyJTIwOTclMjclMEElMjAlMjAlN0QlMjklM0IlMEElM0MlMkZzY3JpcHQlM0U=[\/vc_raw_js][\/vc_column][\/vc_row][vc_row css_animation=\u00bb\u00bb row_type=\u00bbrow\u00bb use_row_as_full_screen_section=\u00bbno\u00bb type=\u00bbfull_width\u00bb angled_section=\u00bbno\u00bb text_align=\u00bbleft\u00bb background_image_as_pattern=\u00bbwithout_pattern\u00bb][vc_column width=\u00bb2\/3&#8243;][vc_column_text]<\/p>\n<h1>Instalaci\u00f3n energ\u00edas renovables<\/h1>\n<p>[\/vc_column_text][vc_empty_space][vc_column_text]<strong>En Madac le ofrecemos soluciones integrales en materia de calefacci\u00f3n para que pueda despreocuparse de todo esto.<\/strong> Instalamos, reparamos o adaptamos desde aparatos concretos hasta el sistema entero. Radiadores, calderas, tuber\u00edas, termostatos &#8230; Y tanto de gas como de gasoil. Todo un abanico de opciones a su disposici\u00f3n para que siempre pueda escoger el que mejor se ajuste a su caso.<\/p>\n<p>Nuestra manera de trabajar se basa en el m\u00e1ximo aprovechamiento de su instalaci\u00f3n existente, sin a\u00f1adirle costes extra que no est\u00e9n espec\u00edficamente justificados. S\u00f3lo le recomendamos la sustituci\u00f3n de sus aparatos si nuestra auditor\u00eda inicial confirma que su sistema o aparato ya no se adaptan suficientemente a la normativa vigente. En este caso, se le entrega una valoraci\u00f3n de la adaptaci\u00f3n donde ya indica las modificaciones m\u00e1s relevantes que deber\u00edan efectuar la instalaci\u00f3n.<\/p>\n<p><strong>El servicio de asistencia t\u00e9cnica est\u00e1 integrado para los certificados de funcionamiento y la calidad de los equipos de manipulaci\u00f3n de la instalaci\u00f3n.<\/strong> En caso de urgencia, est\u00e1 presente desde el principio. Y es agente colaborador de Uni\u00f3n Fenosa, \u00aben la actualidad Naturgy\u00bb con lo cual asume su cualidad en el sentido de la revisi\u00f3n que obliga a las empresas del sector.<\/p>\n<p>En caso de nuevas instalaciones o de repuestos, s\u00f3lo trabajamos con versiones originales y primeras marcas de fabricantes l\u00edderes (Viessman, Hacer y otros &#8230;). Los m\u00e1ximos est\u00e1ndar de calidad, combinados con los precios m\u00e1s competitivos.<\/p>\n<p>Todas las instalaciones t\u00e9rmicas -tanto de calor como de fr\u00edo- est\u00e1n obligadas a ser revisadas por una empresa mantenedora con instaladores oficiales. Adem\u00e1s, si la instalaci\u00f3n supera los 70kW, debe disponer de un libro de mantenimiento y, a finales de a\u00f1o, enviar el certificado correspondiente a la Generalitat conforme ha superado todas las revisiones que establece la normativa vigente. Por lo tanto, es una acci\u00f3n obligatoria. Y, en caso de no cumplirla, el responsable termina siendo el propio titular de la instalaci\u00f3n.<\/p>\n<p>P\u00eddanos informaci\u00f3n sin ning\u00fan tipo de compromiso y le asesoraremos en todo lo que necesite. Tenemos las oficinas centrales en <strong>Sitges y en Vilafranca del Pened\u00e8s, pero abarcamos todo el Garraf, Alt Pened\u00e8s y el Baix Pened\u00e8s<\/strong>. M\u00e1s de 6.000 clientes del territorio ya conf\u00edan nosotros. Si se trata de una calefacci\u00f3n que no d\u00e9 problemas, la mejor opci\u00f3n es Madac.[\/vc_column_text][vc_empty_space][vc_single_image image=\u00bb1040&#8243; img_size=\u00bbfull\u00bb alignment=\u00bbcenter\u00bb qode_css_animation=\u00bb\u00bb][vc_empty_space height=\u00bb50px\u00bb][vc_column_text]Somos la empresa con m\u00e1s bagaje y podemos garantizarle profesionalidad y experiencia en el sector.<\/p>\n<p>MADAC, Instalaciones<br \/>\n08870 Sitges, Barcelona,<br \/>\nAvda. de las Flores 4\u00a0Bxos.<br \/>\nTel\u00e9fono: <a href=\"tel:+348102297\">93 810 22 97<\/a><br \/>\nFAX: 93 894 00 42<br \/>\nE-mail:\u00a0<a href=\"mailto:madacclima@madacclima.com\">madacclima@madacclima.com<\/a><\/p>\n<p>Nuestro horario de atenci\u00f3n al p\u00fablico es de <strong>lunes a viernes, de 9 a 13:30h y de 15 a 17:30h<\/strong>. En caso de una urgencia, d\u00e9jenos un mensaje a nuestro contestador y le llamaremos lo antes posible.[\/vc_column_text][vc_empty_space height=\u00bb50px\u00bb][\/vc_column][vc_column width=\u00bb1\/3&#8243;][vc_widget_sidebar sidebar_id=\u00bbsidebar\u00bb][\/vc_column][\/vc_row]<\/p>\n<\/div>","protected":false},"excerpt":{"rendered":"<p>[vc_row css_animation=\u00bb\u00bb row_type=\u00bbrow\u00bb use_row_as_full_screen_section=\u00bbno\u00bb type=\u00bbfull_width\u00bb angled_section=\u00bbno\u00bb text_align=\u00bbleft\u00bb background_image_as_pattern=\u00bbwithout_pattern\u00bb][vc_column][vc_raw_js]JTNDc2NyaXB0JTNFJTBBJTIwJTIwZ3RhZyUyOCUyN2NvbmZpZyUyNyUyQyUyMCUyN0FXLTk0NzAzMTg2MiUyRnBPLTZDTGo1c3FjREVMYWV5c01EJTI3JTJDJTIwJTdCJTBBJTIwJTIwJTIwJTIwJTI3cGhvbmVfY29udmVyc2lvbl9udW1iZXIlMjclM0ElMjAlMjc5MyUyMDgxMCUyMDIyJTIwOTclMjclMEElMjAlMjAlN0QlMjklM0IlMEElM0MlMkZzY3JpcHQlM0U=[\/vc_raw_js][\/vc_column][\/vc_row][vc_row css_animation=\u00bb\u00bb row_type=\u00bbrow\u00bb use_row_as_full_screen_section=\u00bbno\u00bb type=\u00bbfull_width\u00bb angled_section=\u00bbno\u00bb text_align=\u00bbleft\u00bb background_image_as_pattern=\u00bbwithout_pattern\u00bb][vc_column width=\u00bb2\/3&#8243;][vc_column_text] Instalaci\u00f3n energ\u00edas renovables [\/vc_column_text][vc_empty_space][vc_column_text]En Madac le ofrecemos soluciones integrales en materia de calefacci\u00f3n para que pueda despreocuparse de todo esto. Instalamos, reparamos o adaptamos desde aparatos concretos hasta el&#8230;<\/p>\n","protected":false},"author":1,"featured_media":0,"parent":0,"menu_order":0,"comment_status":"closed","ping_status":"closed","template":"","meta":{"footnotes":""},"class_list":["post-1039","page","type-page","status-publish","hentry"],"_links":{"self":[{"href":"https:\/\/www.madacclima.com\/es\/wp-json\/wp\/v2\/pages\/1039","targetHints":{"allow":["GET"]}}],"collection":[{"href":"https:\/\/www.madacclima.com\/es\/wp-json\/wp\/v2\/pages"}],"about":[{"href":"https:\/\/www.madacclima.com\/es\/wp-json\/wp\/v2\/types\/page"}],"author":[{"embeddable":true,"href":"https:\/\/www.madacclima.com\/es\/wp-json\/wp\/v2\/users\/1"}],"replies":[{"embeddable":true,"href":"https:\/\/www.madacclima.com\/es\/wp-json\/wp\/v2\/comments?post=1039"}],"version-history":[{"count":3,"href":"https:\/\/www.madacclima.com\/es\/wp-json\/wp\/v2\/pages\/1039\/revisions"}],"predecessor-version":[{"id":1888,"href":"https:\/\/www.madacclima.com\/es\/wp-json\/wp\/v2\/pages\/1039\/revisions\/1888"}],"wp:attachment":[{"href":"https:\/\/www.madacclima.com\/es\/wp-json\/wp\/v2\/media?parent=1039"}],"curies":[{"name":"wp","href":"https:\/\/api.w.org\/{rel}","templated":true}]}}