{"id":1024,"date":"2019-07-03T08:16:15","date_gmt":"2019-07-03T08:16:15","guid":{"rendered":"https:\/\/www.madacclima.com\/?page_id=1024"},"modified":"2022-03-08T09:40:07","modified_gmt":"2022-03-08T09:40:07","slug":"instalacion-de-calderas","status":"publish","type":"page","link":"https:\/\/www.madacclima.com\/es\/instalacion-de-calderas\/","title":{"rendered":"Instalaci\u00f3n de calderas"},"content":{"rendered":"<div class=\"wpb-content-wrapper\"><p>[vc_row css_animation=\u00bb\u00bb row_type=\u00bbrow\u00bb use_row_as_full_screen_section=\u00bbno\u00bb type=\u00bbfull_width\u00bb angled_section=\u00bbno\u00bb text_align=\u00bbleft\u00bb background_image_as_pattern=\u00bbwithout_pattern\u00bb][vc_column][vc_raw_js]JTNDc2NyaXB0JTNFJTBBJTIwJTIwZ3RhZyUyOCUyN2NvbmZpZyUyNyUyQyUyMCUyN0FXLTk0NzAzMTg2MiUyRnBPLTZDTGo1c3FjREVMYWV5c01EJTI3JTJDJTIwJTdCJTBBJTIwJTIwJTIwJTIwJTI3cGhvbmVfY29udmVyc2lvbl9udW1iZXIlMjclM0ElMjAlMjc5MyUyMDgxMCUyMDIyJTIwOTclMjclMEElMjAlMjAlN0QlMjklM0IlMEElM0MlMkZzY3JpcHQlM0U=[\/vc_raw_js][\/vc_column][\/vc_row][vc_row css_animation=\u00bb\u00bb row_type=\u00bbrow\u00bb use_row_as_full_screen_section=\u00bbno\u00bb type=\u00bbfull_width\u00bb angled_section=\u00bbno\u00bb text_align=\u00bbleft\u00bb background_image_as_pattern=\u00bbwithout_pattern\u00bb][vc_column width=\u00bb2\/3&#8243;][vc_column_text]<\/p>\n<h1>Instalaci\u00f3n de calderas<\/h1>\n<p>[\/vc_column_text][vc_empty_space][vc_column_text]<strong>En Madac Clima instalamos calderas de gas de condensaci\u00f3n con todas las garant\u00edas<\/strong> y te acompa\u00f1amos durante todo el proceso por si tienes cualquier duda o inconveniente. Nuestra intenci\u00f3n es que toda la gente de <strong>Sitges y Vilafranca del Pened\u00e8s, donde tenemos nuestras oficinas est\u00e9 a gusto en su casa. Aun as\u00ed llegamos hasta Sant Pere de Ribes, Vilanova y la Geltr\u00fa, El Vendrell, Calafell, Cubelles, Cunit, L&#8217;Arbo\u00e7 y Sant Sadurn\u00ed d&#8217;Anoia<\/strong> donde instalamos aparatos de calefacci\u00f3n para que no tengas que preocuparte de nada.<\/p>\n<p><strong>Tramitamos la legalizaci\u00f3n ITE-3, imprescindible para realizar la puesta en marcha de su caldera, y cumplimos la normativa vigente en cada caso<\/strong>.<\/p>\n<p>&nbsp;<\/p>\n<p><strong>\u00bfPor qu\u00e9 una caldera de gas de condensaci\u00f3n?<\/strong><\/p>\n<p>Las instalaci\u00f3n de un sistema de calefacci\u00f3n de Madac Clima consigue una alt\u00edsima eficiencia, aprovechando el calor procedente de la combusti\u00f3n y transform\u00e1ndola en energ\u00eda calor\u00edfica.<\/p>\n<p>&nbsp;<\/p>\n<p><strong>Puedo cambiar mi caldera de gas convencional?<\/strong><\/p>\n<p>Por supuesto! La puedes sustituir por una caldera de gas de condensaci\u00f3n independientemente de c\u00f3mo sea tu instalaci\u00f3n.<\/p>\n<p>Ll\u00e1manos a Madac Clima y un t\u00e9cnico especialista en instalaci\u00f3n de calefacci\u00f3n te asesorar\u00e1 sobre su instalaci\u00f3n y te ayudar\u00e1 a escoger la calefacci\u00f3n que mejor se ajuste a tus necesidades.<\/p>\n<p>&nbsp;<\/p>\n<p><strong>C\u00f3mo funciona una caldera de condensaci\u00f3n?<\/strong><\/p>\n<p>Las calderas de gas de condensaci\u00f3n que instalamos en Madac Clima incorporan la tecnolog\u00eda necesaria para maximizar recursos. Concretamente, aprovechan mejor el calor proveniente del vapor de agua que hay en los humos de la combusti\u00f3n antes de que estos se escapen por la chimenea. En las instalaciones de calefacciones con calderas tradicionales, estos humos escapan directamente por la chimenea y pierden su poder calor\u00edfico. De este modo, se necesita menos cantidad de gas que en una caldera tradicional para calentar el mismo.<\/p>\n<p><strong>\u00bfQu\u00e9 ventajas tiene la instalaci\u00f3n de una caldera de calefacci\u00f3n de condensaci\u00f3n?<\/strong><\/p>\n<p>&#8211; Ahorran hasta un 30% en la factura del gas.<br \/>\n&#8211; Reducen hasta un 26% las emisiones de gases contaminantes.<br \/>\n&#8211; Disponen de una eficiencia energ\u00e9tica \u00f3ptima superior al 98%.<br \/>\n&#8211; Generan menos costes.<br \/>\n&#8211; Son fiables y seguras.<br \/>\n&#8211; Son totalmente compatibles con la instalaci\u00f3n de gas, calefacci\u00f3n y agua caliente de tu vivienda.<br \/>\n&#8211; Disponen de una amplia gama para ajustar a\u00fan mejor a las necesidades de cada instalaci\u00f3n.<\/p>\n<p>&nbsp;<\/p>\n<p><strong>Y si prefiero una caldera de gas convencional?<\/strong><\/p>\n<p>Seg\u00fan la \u00faltima modificaci\u00f3n realizada al RITE, en vigor desde el 14 de abril de 2013, todas las calderas de una nueva edificaci\u00f3n deben ser de condensaci\u00f3n y deben ir equipadas con un termostato modulante o con una sonda exterior. Y, siempre que la salida de humos de la fachada, se deber\u00e1 instalar una caldera de condensaci\u00f3n o una de bajo NOx.<\/p>\n<p>La \u00fanica posibilidad de instalar una caldera estanca convencional ser\u00e1 cuando \u00e9sta pueda ser conectada a una chimenea hasta la cubierta del edificio.<\/p>\n<p>Desde el 1 de febrero de 2010, adem\u00e1s, est\u00e1 totalmente prohibida la instalaci\u00f3n de calderas atmosf\u00e9ricas.<\/p>\n<p><strong>Est\u00e1s pensando en cambiarte de caldera? Ll\u00e1manos a Madac y te asesoramos!<\/strong>[\/vc_column_text][vc_empty_space][vc_single_image image=\u00bb1025&#8243; img_size=\u00bbfull\u00bb alignment=\u00bbcenter\u00bb qode_css_animation=\u00bb\u00bb][vc_empty_space height=\u00bb50px\u00bb][vc_column_text]Somos la empresa con m\u00e1s bagaje y podemos garantizarle profesionalidad y experiencia en el sector.<\/p>\n<p>MADAC, Instalaciones<br \/>\n08870 Sitges, Barcelona,<br \/>\nAvda. de las Flores 4\u00a0Bxos.<br \/>\nTel\u00e9fono: <a href=\"tel:+348102297\">93 810 22 97<\/a><br \/>\nFAX: 93 894 00 42<br \/>\nE-mail:\u00a0<a href=\"mailto:madacclima@madacclima.com\">madacclima@madacclima.com<\/a><\/p>\n<p>Nuestro horario de atenci\u00f3n al p\u00fablico es de <strong>lunes a viernes, de 9 a 13:30h y de 15 a 17:30h<\/strong>. En caso de una urgencia, d\u00e9jenos un mensaje a nuestro contestador y le llamaremos lo antes posible.[\/vc_column_text][vc_empty_space height=\u00bb50px\u00bb][\/vc_column][vc_column width=\u00bb1\/3&#8243;][vc_widget_sidebar sidebar_id=\u00bbsidebar\u00bb][\/vc_column][\/vc_row]<\/p>\n<\/div>","protected":false},"excerpt":{"rendered":"<p>[vc_row css_animation=\u00bb\u00bb row_type=\u00bbrow\u00bb use_row_as_full_screen_section=\u00bbno\u00bb type=\u00bbfull_width\u00bb angled_section=\u00bbno\u00bb text_align=\u00bbleft\u00bb background_image_as_pattern=\u00bbwithout_pattern\u00bb][vc_column][vc_raw_js]JTNDc2NyaXB0JTNFJTBBJTIwJTIwZ3RhZyUyOCUyN2NvbmZpZyUyNyUyQyUyMCUyN0FXLTk0NzAzMTg2MiUyRnBPLTZDTGo1c3FjREVMYWV5c01EJTI3JTJDJTIwJTdCJTBBJTIwJTIwJTIwJTIwJTI3cGhvbmVfY29udmVyc2lvbl9udW1iZXIlMjclM0ElMjAlMjc5MyUyMDgxMCUyMDIyJTIwOTclMjclMEElMjAlMjAlN0QlMjklM0IlMEElM0MlMkZzY3JpcHQlM0U=[\/vc_raw_js][\/vc_column][\/vc_row][vc_row css_animation=\u00bb\u00bb row_type=\u00bbrow\u00bb use_row_as_full_screen_section=\u00bbno\u00bb type=\u00bbfull_width\u00bb angled_section=\u00bbno\u00bb text_align=\u00bbleft\u00bb background_image_as_pattern=\u00bbwithout_pattern\u00bb][vc_column width=\u00bb2\/3&#8243;][vc_column_text] Instalaci\u00f3n de calderas [\/vc_column_text][vc_empty_space][vc_column_text]En Madac Clima instalamos calderas de gas de condensaci\u00f3n con todas las garant\u00edas y te acompa\u00f1amos durante todo el proceso por si tienes cualquier duda o&#8230;<\/p>\n","protected":false},"author":3,"featured_media":0,"parent":0,"menu_order":0,"comment_status":"closed","ping_status":"closed","template":"","meta":{"footnotes":""},"class_list":["post-1024","page","type-page","status-publish","hentry"],"_links":{"self":[{"href":"https:\/\/www.madacclima.com\/es\/wp-json\/wp\/v2\/pages\/1024","targetHints":{"allow":["GET"]}}],"collection":[{"href":"https:\/\/www.madacclima.com\/es\/wp-json\/wp\/v2\/pages"}],"about":[{"href":"https:\/\/www.madacclima.com\/es\/wp-json\/wp\/v2\/types\/page"}],"author":[{"embeddable":true,"href":"https:\/\/www.madacclima.com\/es\/wp-json\/wp\/v2\/users\/3"}],"replies":[{"embeddable":true,"href":"https:\/\/www.madacclima.com\/es\/wp-json\/wp\/v2\/comments?post=1024"}],"version-history":[{"count":7,"href":"https:\/\/www.madacclima.com\/es\/wp-json\/wp\/v2\/pages\/1024\/revisions"}],"predecessor-version":[{"id":1889,"href":"https:\/\/www.madacclima.com\/es\/wp-json\/wp\/v2\/pages\/1024\/revisions\/1889"}],"wp:attachment":[{"href":"https:\/\/www.madacclima.com\/es\/wp-json\/wp\/v2\/media?parent=1024"}],"curies":[{"name":"wp","href":"https:\/\/api.w.org\/{rel}","templated":true}]}}